{"id":756,"date":"2025-09-16T15:56:51","date_gmt":"2025-09-16T18:56:51","guid":{"rendered":"https:\/\/neoteca.letras.ufmg.br\/?page_id=756"},"modified":"2026-02-27T17:23:29","modified_gmt":"2026-02-27T20:23:29","slug":"bibliografia","status":"publish","type":"page","link":"https:\/\/neoteca.letras.ufmg.br\/index.php\/bibliografia\/","title":{"rendered":"Bibliografia"},"content":{"rendered":"\n<p class=\"has-text-align-left\">\ud83c\udf43 Abaixo, voc\u00ea encontra a bibliografia que serve de base te\u00f3rica para nossa <em>Neoteca<\/em>, com coment\u00e1rios breves acerca de cada uma delas.<\/p>\n\n\n\n<p class=\"has-text-align-left\" style=\"padding-top:0;padding-right:0;padding-bottom:0;padding-left:0\">BAGNO, Marcos.&nbsp;<strong>Dicion\u00e1rio cr\u00edtico de sociolingu\u00edstica.<\/strong>&nbsp;S\u00e3o Paulo: Par\u00e1bola, 2017.<\/p>\n\n\n\n<p style=\"padding-top:0;padding-right:var(--wp--preset--spacing--50);padding-bottom:0;padding-left:var(--wp--preset--spacing--50)\">\u2192 Esta obra contempla quest\u00f5es da configura\u00e7\u00e3o social, hist\u00f3rica e cultural do Brasil, recorrendo a dados do portugu\u00eas brasileiro para explicar conceitos da sociolingu\u00edstica.<\/p>\n\n\n\n<p class=\"has-text-align-left\" style=\"padding-top:0;padding-right:0;padding-bottom:0;padding-left:0\">BAS\u00cdLIO, Margarida.&nbsp;<strong>Forma\u00e7\u00e3o e classes de palavras no portugu\u00eas brasileiro.<\/strong>&nbsp;3. ed. S\u00e3o Paulo:&nbsp;Contexto, 2011.<\/p>\n\n\n\n<p style=\"padding-top:0;padding-right:var(--wp--preset--spacing--50);padding-bottom:0;padding-left:var(--wp--preset--spacing--50)\">\u2192 O livro apresenta o l\u00e9xico como sistema din\u00e2mico, em expans\u00e3o, mas regido por padr\u00f5es que garantem a efici\u00eancia da comunica\u00e7\u00e3o. De forma did\u00e1tica, a autora analisa os principais processos de forma\u00e7\u00e3o de palavras no portugu\u00eas do Brasil, assim como suas regras formativas.<\/p>\n\n\n\n<p class=\"has-text-align-left\" style=\"padding-top:0;padding-right:0;padding-bottom:0;padding-left:0\">BECHARA, Evanildo. <strong>Moderna gram\u00e1tica portuguesa.<\/strong> 37. ed. Rio de Janeiro: Nova Fronteira, 2009.<\/p>\n\n\n\n<p style=\"padding-top:0;padding-right:var(--wp--preset--spacing--50);padding-bottom:0;padding-left:var(--wp--preset--spacing--50)\">\u2192 A obra atualiza conceitos e incorpora fatos gramaticais do portugu\u00eas em \u00e2mbito nacional e internacional, aliando descri\u00e7\u00e3o cient\u00edfica \u00e0 gram\u00e1tica normativa.<\/p>\n\n\n\n<p class=\"has-text-align-left\" style=\"padding-top:0;padding-right:0;padding-bottom:0;padding-left:0\">BIDERMAN, Maria Tereza Camargo.&nbsp;<strong>Teoria Lingu\u00edstica:<\/strong>&nbsp;lingu\u00edstica quantitativa e computacional. Rio de Janeiro:&nbsp;Livros T\u00e9cnicos e Cient\u00edficos, 1978.<\/p>\n\n\n\n<p style=\"padding-top:0;padding-right:var(--wp--preset--spacing--50);padding-bottom:0;padding-left:var(--wp--preset--spacing--50)\">\u2192 O livro foca em teoria lexical, abordando a problem\u00e1tica da palavra em diversas l\u00ednguas faladas e escritas.<\/p>\n\n\n\n<p class=\"has-text-align-left\" style=\"padding-top:0;padding-right:0;padding-bottom:0;padding-left:0\">BIDERMAN, Maria Tereza Camargo. Conceito lingu\u00edstico de palavra.&nbsp;<em>In:<\/em>&nbsp;BAS\u00cdLIO, Margarita. (Org.).&nbsp;<strong>Palavra (s\u00e9rie linguagem):<\/strong>&nbsp;a delimita\u00e7\u00e3o de unidades lexicais. Rio de Janeiro:&nbsp;Grypho, 1999. p. 81-97.<\/p>\n\n\n\n<p style=\"padding-top:0;padding-right:var(--wp--preset--spacing--50);padding-bottom:0;padding-left:var(--wp--preset--spacing--50)\">\u2192 Esse estudo discute a segmenta\u00e7\u00e3o do discurso em unidades l\u00e9xicas, sua conceitua\u00e7\u00e3o e a terminologia adequada \u00e0 lexicologia. Discute-se que o conceito de palavra \u00e9 complexo e n\u00e3o admite defini\u00e7\u00e3o universal, devendo a palavra ser analisada l\u00edngua a l\u00edngua.<\/p>\n\n\n\n<p class=\"has-text-align-left\" style=\"padding-top:0;padding-right:0;padding-bottom:0;padding-left:0\">CORREIA, Margarita; ALMEIDA, Gladis Maria de Barcellos.&nbsp;<strong>Neologia em portugu\u00eas.<\/strong>&nbsp;S\u00e3o Paulo: Par\u00e1bola Editorial, 2012.<\/p>\n\n\n\n<p style=\"padding-top:0;padding-right:var(--wp--preset--spacing--50);padding-bottom:0;padding-left:var(--wp--preset--spacing--50)\">\u2192 Nesse livro, as autoras apresentam no\u00e7\u00f5es b\u00e1sicas da Lexicologia, definem a neologia, exibem e exemplificam os principais processos formativos de palavras e ainda sugerem atividades did\u00e1ticas para o(a) professor(a) dos ensinos fundamental e m\u00e9dio.<\/p>\n\n\n\n<p class=\"has-text-align-left\" style=\"padding-top:0;padding-right:0;padding-bottom:0;padding-left:0\">FERRAZ, Aderlande Pereira; LISKA, Geraldo Jos\u00e9 Rodrigues. Pandemia e neologia em manchetes jornal\u00edsticas: criatividade lexical em foco.&nbsp;<strong>Estudos Lingu\u00edsticos<\/strong>, S\u00e3o Paulo, v. 50, n. 3, p. 1047-1063, dez. 2021. Dispon\u00edvel em:&nbsp;<a href=\"https:\/\/revistas.gel.org.br\/estudos-linguisticos\/article\/view\/3055\">https:\/\/revistas.gel.org.br\/estudos-linguisticos\/article\/view\/3055<\/a>. Acesso em: 11 jan. 2025.<\/p>\n\n\n\n<p style=\"padding-top:0;padding-right:var(--wp--preset--spacing--50);padding-bottom:0;padding-left:var(--wp--preset--spacing--50)\">\u2192 Esse artigo analisa a inova\u00e7\u00e3o lexical no portugu\u00eas do Brasil, com foco em neologismos da m\u00eddia eletr\u00f4nica durante a pandemia da Covid-19.<\/p>\n\n\n\n<p class=\"has-text-align-left\" style=\"padding-top:0;padding-right:0;padding-bottom:0;padding-left:0\">FERREIRA, Paulo Ricardo Sousa. <strong>Neologismos e Processos Lexicais Criativos:<\/strong> a Produtividade Lexical sob a \u00d3tica da Lingu\u00edstica Cognitiva e Gerativa. Disserta\u00e7\u00e3o (Mestrado em Lingu\u00edstica) \u2013 Pontif\u00edcia Universidade Cat\u00f3lica de Minas Gerais, Belo Horizonte, 2021. Dispon\u00edvel em: <a href=\"https:\/\/doi.org\/10.6084\/m9.figshare.14485974.v1\">https:\/\/doi.org\/10.6084\/m9.figshare.14485974.v1<\/a>. Acesso em: 22 abr. 2024.<\/p>\n\n\n\n<p style=\"padding-top:0;padding-right:var(--wp--preset--spacing--50);padding-bottom:0;padding-left:var(--wp--preset--spacing--50)\">\u2192 O estudo analisa neologismos no l\u00e9xico de Belo Horizonte, em ambientes f\u00edsicos e digitais, com base na Lingu\u00edstica Cognitiva e a Teoria Gerativa. Na obra s\u00e3o discutidas v\u00e1rias defini\u00e7\u00f5es para neologismos e processos de forma\u00e7\u00e3o de palavras, na perspectiva das duas abordagens te\u00f3ricas.<\/p>\n\n\n\n<p class=\"has-text-align-left\" style=\"padding-top:0;padding-right:0;padding-bottom:0;padding-left:0\">FILLMORE, Charles J. Frame semantics.&nbsp;<em>In:<\/em>&nbsp;GEERAERTS, Dirk. (Ed.).&nbsp;<strong>Cognitive<\/strong>&nbsp;<strong>linguistics:<\/strong>&nbsp;basic readings. Berlin: Mouton de Gruyter, 2006. p. 373-400.<\/p>\n\n\n\n<p style=\"padding-top:0;padding-right:var(--wp--preset--spacing--50);padding-bottom:0;padding-left:var(--wp--preset--spacing--50)\">\u2192 O texto apresenta a Sem\u00e2ntica de <em>Frames<\/em>, proposta de Fillmore para explicar significados lingu\u00edsticos a partir de estruturas cognitivas que organizam experi\u00eancias. Mostra como palavras evocam <em>frames<\/em> e t\u00eam seu significado relacionado em rede com muitas outras palavras e conceitos. Destaca, assim, a rela\u00e7\u00e3o entre linguagem, cogni\u00e7\u00e3o e pr\u00e1ticas socioculturais.<\/p>\n\n\n\n<p class=\"has-text-align-left\" style=\"padding-top:0;padding-right:0;padding-bottom:0;padding-left:0\">GON\u00c7ALVES, Carlos Alexandre.&nbsp;<strong>Atuais tend\u00eancias em forma\u00e7\u00e3o de palavras.<\/strong>&nbsp;S\u00e3o Paulo: Contexto, 2016.<\/p>\n\n\n\n<p style=\"padding-top:0;padding-right:var(--wp--preset--spacing--50);padding-bottom:0;padding-left:var(--wp--preset--spacing--50)\">\u2192 O livro analisa a cria\u00e7\u00e3o de novas palavras no portugu\u00eas brasileiro, observando termos da inform\u00e1tica, g\u00edrias e bord\u00f5es populares. O autor descreve e exemplifica os fen\u00f4menos de forma\u00e7\u00e3o lexical, indo al\u00e9m das gram\u00e1ticas tradicionais e manuais de morfologia.<\/p>\n\n\n\n<p class=\"has-text-align-left\" style=\"padding-top:0;padding-right:0;padding-bottom:0;padding-left:0\">GON\u00c7ALVES, Carlos Alexandre. <strong>Morfologia.<\/strong> S\u00e3o Paulo: Par\u00e1bola, 2019.<\/p>\n\n\n\n<p style=\"padding-top:0;padding-right:var(--wp--preset--spacing--50);padding-bottom:0;padding-left:var(--wp--preset--spacing--50)\">\u2192 O livro analisa forma\u00e7\u00f5es lexicais recentes e quest\u00f5es centrais da morfologia, como cria\u00e7\u00e3o e combina\u00e7\u00e3o de unidades lexicais, oferecendo conceitos b\u00e1sicos e panorama cr\u00edtico da \u00e1rea.<\/p>\n\n\n\n<p class=\"has-text-align-left\" style=\"padding-top:0;padding-right:0;padding-bottom:0;padding-left:0\">JESUS, Ana Maria Ribeiro de. Princ\u00edpios metodol\u00f3gicos para a detec\u00e7\u00e3o de neologismos da comunica\u00e7\u00e3o digital.&nbsp;<strong>Estudos Lingu\u00edsticos<\/strong>, S\u00e3o Paulo, v. 50, n. 1, p. 243-261, 2021. Dispon\u00edvel em:&nbsp;<a href=\"https:\/\/revistas.gel.org.br\/estudos-linguisticos\/article\/view\/2961\">https:\/\/revistas.gel.org.br\/estudos-linguisticos\/article\/view\/2961<\/a>. Acesso em: 20 jan. 2025.<\/p>\n\n\n\n<p style=\"padding-top:0;padding-right:var(--wp--preset--spacing--50);padding-bottom:0;padding-left:var(--wp--preset--spacing--50)\">\u2192 O artigo descreve princ\u00edpios para a coleta e valida\u00e7\u00e3o de neologismos digitais, discutindo as limita\u00e7\u00f5es dos m\u00e9todos tradicionais e propondo ajustes.<\/p>\n\n\n\n<p class=\"has-text-align-left\" style=\"padding-top:0;padding-right:0;padding-bottom:0;padding-left:0\">ROCHA, Luiz Carlos de Assis. <strong>Estruturas morfol\u00f3gicas do portugu\u00eas.<\/strong> Belo Horizonte: Editora UFMG, 1998.<\/p>\n\n\n\n<p style=\"padding-top:0;padding-right:var(--wp--preset--spacing--50);padding-bottom:0;padding-left:var(--wp--preset--spacing--50)\">\u2192 Este livro prop\u00f5e-se como um tratamento moderno da morfologia, superando a repeti\u00e7\u00e3o de conceitos da gram\u00e1tica tradicional e princ\u00edpios obsoletos do estruturalismo.<\/p>\n\n\n\n<hr class=\"wp-block-separator has-alpha-channel-opacity\"\/>\n\n\n\n<p class=\"has-text-align-left\">\ud83c\udf43 A seguir, disponibilizamos a bibliografia resultante do trabalho dos pesquisadores da <em>Neoteca<\/em>.<\/p>\n\n\n\n<p class=\"has-text-align-left\">FERREIRA, Paulo Ricardo Sousa; AMARAL, Luana Lopes. Motiva\u00e7\u00f5es cognitivas e funcionais para neologismos verbais do portugu\u00eas brasileiro: a constru\u00e7\u00e3o \u201csextar\u201d e outras instancia\u00e7\u00f5es an\u00e1logas. <strong>DELTA<\/strong>: Documenta\u00e7\u00e3o de Estudos em Ling\u00fc\u00edstica Te\u00f3rica e Aplicada, S\u00e3o Paulo, v. 40, n. 2, p. 1-28, 2024. Dispon\u00edvel em: <a href=\"https:\/\/doi.org\/10.1590\/1678-460X202440263594\">https:\/\/doi.org\/10.1590\/1678-460X202440263594<\/a>. Acesso em: 15 set. 2025.<\/p>\n\n\n\n<p style=\"padding-right:var(--wp--preset--spacing--50);padding-left:var(--wp--preset--spacing--50)\">\u2192 A partir da Gram\u00e1tica de Constru\u00e7\u00f5es, esse artigo analisa neologismos como <em>sextar<\/em> e <em>segundar<\/em>, que t\u00eam base em objetos temporais (sexta, segunda) para expressar a\u00e7\u00f5es relacionadas por meio de verbos. Mostra-se que a express\u00e3o dessas a\u00e7\u00f5es \u00e9 motivada social e culturalmente.<\/p>\n\n\n\n<p class=\"has-text-align-left\">FERREIRA, Paulo Ricardo Sousa. Do <em>praiar<\/em> ao <em>jobar<\/em>: integra\u00e7\u00f5es conceptuais na cria\u00e7\u00e3o de verbos no portugu\u00eas brasileiro. <strong>Revista de Estudos da Linguagem<\/strong>, [<em>S. l.<\/em>], v. 33, n. 1, p. 238-270, 2025. DOI: 10.17851\/2237-2083.33.1.238-270. Dispon\u00edvel em: <a href=\"https:\/\/periodicos.ufmg.br\/index.php\/relin\/article\/view\/59602\">https:\/\/periodicos.ufmg.br\/index.php\/relin\/article\/view\/59602<\/a>. Acesso em: 15 set. 2025.<\/p>\n\n\n\n<p style=\"padding-right:var(--wp--preset--spacing--50);padding-left:var(--wp--preset--spacing--50)\">\u2192 O estudo analisa neologismos verbais de lazer (<em>bebemorar<\/em>, <em>praiar<\/em>, <em>rolezar<\/em>, <em>turistar<\/em>) e de atividades profissionais (<em>jobar<\/em>, <em>performar<\/em>, <em>schedular<\/em>, <em>tradar<\/em>). Fundamentado na Gram\u00e1tica de Constru\u00e7\u00f5es, no <em>Frame<\/em> Sem\u00e2ntico e na Mesclagem Conceptual, prop\u00f5e-se que tais cria\u00e7\u00f5es mesclam conhecimentos enciclop\u00e9dicos para express\u00e1-los em uma constru\u00e7\u00e3o lexical \u00fanica.<\/p>\n\n\n\n<p>FERREIRA, Paulo Ricardo Sousa. <strong>Neologismos em Constru\u00e7\u00e3o:<\/strong> uma abordagem cognitivo-construcional para a an\u00e1lise de novos verbos do portugu\u00eas brasileiro. Tese (Doutorado em Lingu\u00edstica) \u2013 Universidade Federal de Minas Gerais, Belo Horizonte, 2025. Dispon\u00edvel em: <a href=\"https:\/\/repositorio.ufmg.br\/items\/069e2ca4-0921-4d1a-a679-6817d539a789\">https:\/\/repositorio.ufmg.br\/items\/069e2ca4-0921-4d1a-a679-6817d539a789<\/a>. Acesso em: 8 jan. 2026.<\/p>\n\n\n\n<p style=\"padding-top:0;padding-right:var(--wp--preset--spacing--50);padding-bottom:0;padding-left:var(--wp--preset--spacing--50)\">\u2192 Esta tese de doutorado explica como e por que neologismos verbais brasileiros de dom\u00ednios sem\u00e2nticos diversos (Tempo, Lazer, Trabalho, Games, Redes Sociais, Inform\u00e1tica, Comportamentos e Relacionamentos) s\u00e3o criados. S\u00e3o explorados aspectos gramaticais, cognitivos e criativos por tr\u00e1s da emerg\u00eancia de neologismos como <em>sextar<\/em>, <em>praiar<\/em>, <em>jobar<\/em>, <em>tankar<\/em>, <em>cancelar<\/em>, <em>googlar<\/em>, <em>pistolar<\/em>,<em> shippar<\/em>, entre outros, j\u00e1 registrados na Neoteca.  Este trabalho motivou a produ\u00e7\u00e3o dos dois artigos de Ferreira (2025) e Ferreira e Amaral (2024), referidos acima, e tem a cria\u00e7\u00e3o da Neoteca de Palavras como seu principal desdobramento e contribui\u00e7\u00e3o.<\/p>\n","protected":false},"excerpt":{"rendered":"<p>\ud83c\udf43 Abaixo, voc\u00ea encontra a bibliografia que serve de base te\u00f3rica para nossa Neoteca, com coment\u00e1rios breves acerca de cada [&hellip;]<\/p>\n","protected":false},"author":2,"featured_media":0,"parent":0,"menu_order":0,"comment_status":"closed","ping_status":"closed","template":"","meta":{"site-sidebar-layout":"default","site-content-layout":"","ast-site-content-layout":"default","site-content-style":"default","site-sidebar-style":"default","ast-global-header-display":"","ast-banner-title-visibility":"","ast-main-header-display":"","ast-hfb-above-header-display":"","ast-hfb-below-header-display":"","ast-hfb-mobile-header-display":"","site-post-title":"","ast-breadcrumbs-content":"","ast-featured-img":"","footer-sml-layout":"","ast-disable-related-posts":"","theme-transparent-header-meta":"","adv-header-id-meta":"","stick-header-meta":"","header-above-stick-meta":"","header-main-stick-meta":"","header-below-stick-meta":"","astra-migrate-meta-layouts":"default","ast-page-background-enabled":"default","ast-page-background-meta":{"desktop":{"background-color":"var(--ast-global-color-5)","background-image":"","background-repeat":"repeat","background-position":"center center","background-size":"auto","background-attachment":"scroll","background-type":"","background-media":"","overlay-type":"","overlay-color":"","overlay-opacity":"","overlay-gradient":""},"tablet":{"background-color":"","background-image":"","background-repeat":"repeat","background-position":"center center","background-size":"auto","background-attachment":"scroll","background-type":"","background-media":"","overlay-type":"","overlay-color":"","overlay-opacity":"","overlay-gradient":""},"mobile":{"background-color":"","background-image":"","background-repeat":"repeat","background-position":"center center","background-size":"auto","background-attachment":"scroll","background-type":"","background-media":"","overlay-type":"","overlay-color":"","overlay-opacity":"","overlay-gradient":""}},"ast-content-background-meta":{"desktop":{"background-color":"var(--ast-global-color-4)","background-image":"","background-repeat":"repeat","background-position":"center center","background-size":"auto","background-attachment":"scroll","background-type":"","background-media":"","overlay-type":"","overlay-color":"","overlay-opacity":"","overlay-gradient":""},"tablet":{"background-color":"var(--ast-global-color-4)","background-image":"","background-repeat":"repeat","background-position":"center center","background-size":"auto","background-attachment":"scroll","background-type":"","background-media":"","overlay-type":"","overlay-color":"","overlay-opacity":"","overlay-gradient":""},"mobile":{"background-color":"var(--ast-global-color-4)","background-image":"","background-repeat":"repeat","background-position":"center center","background-size":"auto","background-attachment":"scroll","background-type":"","background-media":"","overlay-type":"","overlay-color":"","overlay-opacity":"","overlay-gradient":""}},"footnotes":""},"class_list":["post-756","page","type-page","status-publish","hentry"],"_links":{"self":[{"href":"https:\/\/neoteca.letras.ufmg.br\/index.php\/wp-json\/wp\/v2\/pages\/756","targetHints":{"allow":["GET"]}}],"collection":[{"href":"https:\/\/neoteca.letras.ufmg.br\/index.php\/wp-json\/wp\/v2\/pages"}],"about":[{"href":"https:\/\/neoteca.letras.ufmg.br\/index.php\/wp-json\/wp\/v2\/types\/page"}],"author":[{"embeddable":true,"href":"https:\/\/neoteca.letras.ufmg.br\/index.php\/wp-json\/wp\/v2\/users\/2"}],"replies":[{"embeddable":true,"href":"https:\/\/neoteca.letras.ufmg.br\/index.php\/wp-json\/wp\/v2\/comments?post=756"}],"version-history":[{"count":10,"href":"https:\/\/neoteca.letras.ufmg.br\/index.php\/wp-json\/wp\/v2\/pages\/756\/revisions"}],"predecessor-version":[{"id":2028,"href":"https:\/\/neoteca.letras.ufmg.br\/index.php\/wp-json\/wp\/v2\/pages\/756\/revisions\/2028"}],"wp:attachment":[{"href":"https:\/\/neoteca.letras.ufmg.br\/index.php\/wp-json\/wp\/v2\/media?parent=756"}],"curies":[{"name":"wp","href":"https:\/\/api.w.org\/{rel}","templated":true}]}}