{"id":75,"date":"2025-08-01T14:48:42","date_gmt":"2025-08-01T17:48:42","guid":{"rendered":"https:\/\/neoteca.letras.ufmg.br\/?page_id=75"},"modified":"2025-08-19T12:00:48","modified_gmt":"2025-08-19T15:00:48","slug":"classes-de-palavra","status":"publish","type":"page","link":"https:\/\/neoteca.letras.ufmg.br\/index.php\/glossario-de-conceitos\/classes-de-palavra\/","title":{"rendered":"Classes de palavras"},"content":{"rendered":"\n<p class=\"has-text-align-left\">\u00c9 a categoriza\u00e7\u00e3o das palavras de uma l\u00edngua conforme seus usos e fun\u00e7\u00f5es na ora\u00e7\u00e3o. Por exemplo, a classe dos&nbsp;<em>verbos<\/em>&nbsp;expressa a\u00e7\u00f5es, estados ou fen\u00f4menos; a dos&nbsp;<em>substantivos&nbsp;<\/em>nomeia seres, objetos, lugares, sentimentos, entre outros; e a dos&nbsp;<em>adjetivos<\/em>&nbsp;atribui caracter\u00edsticas ou qualidades aos seres&nbsp;nomeados pelos substantivos.<\/p>\n\n\n\n<p class=\"has-text-align-left\">Exemplos: verbos (<em>comprar<\/em>,&nbsp;<em>comer<\/em>,&nbsp;<em>trovejar<\/em>), substantivos (<em>guarda-chuva<\/em>,&nbsp;<em>computador<\/em>,&nbsp;<em>Jo\u00e3o<\/em>), adjetivos (<em>infantil<\/em>,&nbsp;<em>feliz<\/em>,&nbsp;<em>brasileiro<\/em>).<\/p>\n\n\n\n<ul class=\"wp-block-list\">\n<li><a href=\"https:\/\/neoteca.letras.ufmg.br\/index.php\/categorias_neologismos\/adjetivo\/\" data-type=\"categorias_neologismos\" data-id=\"28\">Ver neologismos de adjetivo<\/a><\/li>\n\n\n\n<li><a href=\"https:\/\/neoteca.letras.ufmg.br\/index.php\/categorias_neologismos\/adverbio\/\" data-type=\"categorias_neologismos\" data-id=\"29\">Ver neologismos de adv\u00e9rbio<\/a><\/li>\n\n\n\n<li><a href=\"https:\/\/neoteca.letras.ufmg.br\/index.php\/categorias_neologismos\/interjeicao\/\" data-type=\"categorias_neologismos\" data-id=\"30\">Ver neologismos de interjei\u00e7\u00e3o<\/a><\/li>\n\n\n\n<li><a href=\"https:\/\/neoteca.letras.ufmg.br\/index.php\/categorias_neologismos\/substantivo\/\" data-type=\"categorias_neologismos\" data-id=\"26\">Ver neologismos de substantivo<\/a><\/li>\n\n\n\n<li><a href=\"https:\/\/neoteca.letras.ufmg.br\/index.php\/categorias_neologismos\/verbo\/\" data-type=\"categorias_neologismos\" data-id=\"27\">Ver neologismos de verbo<\/a><\/li>\n<\/ul>\n\n\n\n<hr class=\"wp-block-separator has-alpha-channel-opacity\"\/>\n\n\n\n<h5 class=\"wp-block-heading\"><strong>Refer\u00eancia<\/strong><\/h5>\n\n\n\n<p class=\"has-text-align-left\">BECHARA, Evanildo.&nbsp;<strong>Moderna gram\u00e1tica portuguesa.<\/strong> 37. ed. Rio de Janeiro: Nova Fronteira, 2009.<\/p>\n","protected":false},"excerpt":{"rendered":"<p>\u00c9 a categoriza\u00e7\u00e3o das palavras de uma l\u00edngua conforme seus usos e fun\u00e7\u00f5es na ora\u00e7\u00e3o. Por exemplo, a classe dos&nbsp;verbos&nbsp;expressa [&hellip;]<\/p>\n","protected":false},"author":3,"featured_media":0,"parent":52,"menu_order":0,"comment_status":"closed","ping_status":"closed","template":"","meta":{"site-sidebar-layout":"default","site-content-layout":"","ast-site-content-layout":"default","site-content-style":"default","site-sidebar-style":"default","ast-global-header-display":"","ast-banner-title-visibility":"","ast-main-header-display":"","ast-hfb-above-header-display":"","ast-hfb-below-header-display":"","ast-hfb-mobile-header-display":"","site-post-title":"","ast-breadcrumbs-content":"","ast-featured-img":"","footer-sml-layout":"","ast-disable-related-posts":"","theme-transparent-header-meta":"","adv-header-id-meta":"","stick-header-meta":"","header-above-stick-meta":"","header-main-stick-meta":"","header-below-stick-meta":"","astra-migrate-meta-layouts":"default","ast-page-background-enabled":"default","ast-page-background-meta":{"desktop":{"background-color":"var(--ast-global-color-5)","background-image":"","background-repeat":"repeat","background-position":"center center","background-size":"auto","background-attachment":"scroll","background-type":"","background-media":"","overlay-type":"","overlay-color":"","overlay-opacity":"","overlay-gradient":""},"tablet":{"background-color":"","background-image":"","background-repeat":"repeat","background-position":"center center","background-size":"auto","background-attachment":"scroll","background-type":"","background-media":"","overlay-type":"","overlay-color":"","overlay-opacity":"","overlay-gradient":""},"mobile":{"background-color":"","background-image":"","background-repeat":"repeat","background-position":"center center","background-size":"auto","background-attachment":"scroll","background-type":"","background-media":"","overlay-type":"","overlay-color":"","overlay-opacity":"","overlay-gradient":""}},"ast-content-background-meta":{"desktop":{"background-color":"var(--ast-global-color-4)","background-image":"","background-repeat":"repeat","background-position":"center center","background-size":"auto","background-attachment":"scroll","background-type":"","background-media":"","overlay-type":"","overlay-color":"","overlay-opacity":"","overlay-gradient":""},"tablet":{"background-color":"var(--ast-global-color-4)","background-image":"","background-repeat":"repeat","background-position":"center center","background-size":"auto","background-attachment":"scroll","background-type":"","background-media":"","overlay-type":"","overlay-color":"","overlay-opacity":"","overlay-gradient":""},"mobile":{"background-color":"var(--ast-global-color-4)","background-image":"","background-repeat":"repeat","background-position":"center center","background-size":"auto","background-attachment":"scroll","background-type":"","background-media":"","overlay-type":"","overlay-color":"","overlay-opacity":"","overlay-gradient":""}},"footnotes":""},"class_list":["post-75","page","type-page","status-publish","hentry"],"_links":{"self":[{"href":"https:\/\/neoteca.letras.ufmg.br\/index.php\/wp-json\/wp\/v2\/pages\/75","targetHints":{"allow":["GET"]}}],"collection":[{"href":"https:\/\/neoteca.letras.ufmg.br\/index.php\/wp-json\/wp\/v2\/pages"}],"about":[{"href":"https:\/\/neoteca.letras.ufmg.br\/index.php\/wp-json\/wp\/v2\/types\/page"}],"author":[{"embeddable":true,"href":"https:\/\/neoteca.letras.ufmg.br\/index.php\/wp-json\/wp\/v2\/users\/3"}],"replies":[{"embeddable":true,"href":"https:\/\/neoteca.letras.ufmg.br\/index.php\/wp-json\/wp\/v2\/comments?post=75"}],"version-history":[{"count":9,"href":"https:\/\/neoteca.letras.ufmg.br\/index.php\/wp-json\/wp\/v2\/pages\/75\/revisions"}],"predecessor-version":[{"id":542,"href":"https:\/\/neoteca.letras.ufmg.br\/index.php\/wp-json\/wp\/v2\/pages\/75\/revisions\/542"}],"up":[{"embeddable":true,"href":"https:\/\/neoteca.letras.ufmg.br\/index.php\/wp-json\/wp\/v2\/pages\/52"}],"wp:attachment":[{"href":"https:\/\/neoteca.letras.ufmg.br\/index.php\/wp-json\/wp\/v2\/media?parent=75"}],"curies":[{"name":"wp","href":"https:\/\/api.w.org\/{rel}","templated":true}]}}