{"id":56,"date":"2025-07-30T18:37:39","date_gmt":"2025-07-30T21:37:39","guid":{"rendered":"https:\/\/neoteca.letras.ufmg.br\/?page_id=56"},"modified":"2026-02-27T16:40:41","modified_gmt":"2026-02-27T19:40:41","slug":"afixo","status":"publish","type":"page","link":"https:\/\/neoteca.letras.ufmg.br\/index.php\/glossario-de-conceitos\/palavra\/afixo\/","title":{"rendered":"Afixo"},"content":{"rendered":"\n<p class=\"has-text-align-left\">\u00c9 um elemento lingu\u00edstico que se adiciona a uma base \u2014 um <a href=\"https:\/\/neoteca.letras.ufmg.br\/index.php\/glossario-de-conceitos\/palavra\/radical\/\" data-type=\"page\" data-id=\"131\">radical<\/a> ou uma <a href=\"https:\/\/neoteca.letras.ufmg.br\/index.php\/glossario-de-conceitos\/palavra\/\" data-type=\"page\" data-id=\"437\">palavra<\/a> \u2014 para modificar seu significado e\/ou sua <a href=\"https:\/\/neoteca.letras.ufmg.br\/index.php\/glossario-de-conceitos\/classes-de-palavra\/\" data-type=\"page\" data-id=\"75\">classe gramatical<\/a>. Na <em>Neoteca<\/em>, trabalhamos com dois tipos de afixos, os\u00a0<em>prefixos<\/em>\u00a0e os\u00a0<em>sufixos<\/em>, classificados\u00a0conforme\u00a0sua posi\u00e7\u00e3o dentro da palavra.<\/p>\n\n\n\n<p class=\"has-text-align-left\">O&nbsp;<em>prefixo&nbsp;<\/em>\u00e9 o&nbsp;afixo que se coloca antes do radical.<br>Exemplos:&nbsp;<em><strong>des<\/strong><\/em><em>fazer<\/em>,&nbsp;<em><strong>bi<\/strong><\/em><em>cicleta<\/em>,&nbsp;<em><strong>anti<\/strong><\/em><em>v\u00edrus<\/em>,&nbsp;<em><strong>ex-<\/strong><\/em><em>namorado<\/em>.<\/p>\n\n\n\n<p class=\"has-text-align-left\">O&nbsp;<em>sufixo<\/em>&nbsp;\u00e9 o&nbsp;afixo que se coloca depois do radical.<br>Exemplos:&nbsp;<em>feliz<\/em><em><strong>mente<\/strong><\/em>,&nbsp;<em>solidari<\/em><em><strong>edade<\/strong><\/em>,&nbsp;<em>gat<\/em><em><strong>inho<\/strong><\/em>,&nbsp;<em>perfum<\/em><em><strong>oso<\/strong><\/em>.<\/p>\n\n\n\n<hr class=\"wp-block-separator aligncenter has-alpha-channel-opacity is-style-default\"\/>\n\n\n\n<h5 class=\"wp-block-heading\"><strong>Refer\u00eancia<\/strong><\/h5>\n\n\n\n<p>FERREIRA, Paulo Ricardo Sousa.&nbsp;<strong>Neologismos e Processos Lexicais Criativos:<\/strong> a Produtividade Lexical sob a \u00d3tica da Lingu\u00edstica Cognitiva e Gerativa. Disserta\u00e7\u00e3o (Mestrado em Lingu\u00edstica) \u2013 Pontif\u00edcia Universidade Cat\u00f3lica de Minas Gerais, Belo Horizonte, 2021. Dispon\u00edvel em: <a href=\"https:\/\/doi.org\/10.6084\/m9.figshare.14485974.v1\">https:\/\/doi.org\/10.6084\/m9.figshare.14485974.v1<\/a>. Acesso em: 15 fev. 2025.<\/p>\n","protected":false},"excerpt":{"rendered":"<p>\u00c9 um elemento lingu\u00edstico que se adiciona a uma base \u2014 um radical ou uma palavra \u2014 para modificar seu [&hellip;]<\/p>\n","protected":false},"author":3,"featured_media":0,"parent":437,"menu_order":0,"comment_status":"closed","ping_status":"closed","template":"","meta":{"site-sidebar-layout":"default","site-content-layout":"","ast-site-content-layout":"default","site-content-style":"default","site-sidebar-style":"default","ast-global-header-display":"","ast-banner-title-visibility":"","ast-main-header-display":"","ast-hfb-above-header-display":"","ast-hfb-below-header-display":"","ast-hfb-mobile-header-display":"","site-post-title":"","ast-breadcrumbs-content":"","ast-featured-img":"","footer-sml-layout":"","ast-disable-related-posts":"","theme-transparent-header-meta":"","adv-header-id-meta":"","stick-header-meta":"","header-above-stick-meta":"","header-main-stick-meta":"","header-below-stick-meta":"","astra-migrate-meta-layouts":"default","ast-page-background-enabled":"default","ast-page-background-meta":{"desktop":{"background-color":"var(--ast-global-color-5)","background-image":"","background-repeat":"repeat","background-position":"center center","background-size":"auto","background-attachment":"scroll","background-type":"","background-media":"","overlay-type":"","overlay-color":"","overlay-opacity":"","overlay-gradient":""},"tablet":{"background-color":"","background-image":"","background-repeat":"repeat","background-position":"center center","background-size":"auto","background-attachment":"scroll","background-type":"","background-media":"","overlay-type":"","overlay-color":"","overlay-opacity":"","overlay-gradient":""},"mobile":{"background-color":"","background-image":"","background-repeat":"repeat","background-position":"center center","background-size":"auto","background-attachment":"scroll","background-type":"","background-media":"","overlay-type":"","overlay-color":"","overlay-opacity":"","overlay-gradient":""}},"ast-content-background-meta":{"desktop":{"background-color":"var(--ast-global-color-4)","background-image":"","background-repeat":"repeat","background-position":"center center","background-size":"auto","background-attachment":"scroll","background-type":"","background-media":"","overlay-type":"","overlay-color":"","overlay-opacity":"","overlay-gradient":""},"tablet":{"background-color":"var(--ast-global-color-4)","background-image":"","background-repeat":"repeat","background-position":"center center","background-size":"auto","background-attachment":"scroll","background-type":"","background-media":"","overlay-type":"","overlay-color":"","overlay-opacity":"","overlay-gradient":""},"mobile":{"background-color":"var(--ast-global-color-4)","background-image":"","background-repeat":"repeat","background-position":"center center","background-size":"auto","background-attachment":"scroll","background-type":"","background-media":"","overlay-type":"","overlay-color":"","overlay-opacity":"","overlay-gradient":""}},"footnotes":""},"class_list":["post-56","page","type-page","status-publish","hentry"],"_links":{"self":[{"href":"https:\/\/neoteca.letras.ufmg.br\/index.php\/wp-json\/wp\/v2\/pages\/56","targetHints":{"allow":["GET"]}}],"collection":[{"href":"https:\/\/neoteca.letras.ufmg.br\/index.php\/wp-json\/wp\/v2\/pages"}],"about":[{"href":"https:\/\/neoteca.letras.ufmg.br\/index.php\/wp-json\/wp\/v2\/types\/page"}],"author":[{"embeddable":true,"href":"https:\/\/neoteca.letras.ufmg.br\/index.php\/wp-json\/wp\/v2\/users\/3"}],"replies":[{"embeddable":true,"href":"https:\/\/neoteca.letras.ufmg.br\/index.php\/wp-json\/wp\/v2\/comments?post=56"}],"version-history":[{"count":10,"href":"https:\/\/neoteca.letras.ufmg.br\/index.php\/wp-json\/wp\/v2\/pages\/56\/revisions"}],"predecessor-version":[{"id":2012,"href":"https:\/\/neoteca.letras.ufmg.br\/index.php\/wp-json\/wp\/v2\/pages\/56\/revisions\/2012"}],"up":[{"embeddable":true,"href":"https:\/\/neoteca.letras.ufmg.br\/index.php\/wp-json\/wp\/v2\/pages\/437"}],"wp:attachment":[{"href":"https:\/\/neoteca.letras.ufmg.br\/index.php\/wp-json\/wp\/v2\/media?parent=56"}],"curies":[{"name":"wp","href":"https:\/\/api.w.org\/{rel}","templated":true}]}}