{"id":52,"date":"2025-07-25T18:49:02","date_gmt":"2025-07-25T21:49:02","guid":{"rendered":"https:\/\/neoteca.letras.ufmg.br\/?page_id=52"},"modified":"2026-03-05T17:58:06","modified_gmt":"2026-03-05T20:58:06","slug":"glossario-de-conceitos","status":"publish","type":"page","link":"https:\/\/neoteca.letras.ufmg.br\/index.php\/glossario-de-conceitos\/","title":{"rendered":"Gloss\u00e1rio de conceitos"},"content":{"rendered":"\n<p class=\"has-text-align-left\">As entradas dos neologismos registrados na <em>Neoteca<\/em> apresentam, al\u00e9m do significado da nova palavra, outras informa\u00e7\u00f5es, como classe de palavra usual, processos criativos de palavra envolvidos e dom\u00ednio conceptual.<\/p>\n\n\n\n<p class=\"has-text-align-left\">Abaixo voc\u00ea encontra um \u00edndice com explica\u00e7\u00f5es sobre os conceitos usados na <em>Neoteca<\/em> para classificar os neologismos:<\/p>\n\n\n\n<ul class=\"wp-block-list\">\n<li><strong>Estilos de linguagem \u2013<\/strong> s\u00e3o modos de utiliza\u00e7\u00e3o dos recursos lingu\u00edsticos relacionados com a escolha de palavras, de express\u00f5es e de constru\u00e7\u00f5es frasais, podendo refletir graus de formalidade, caracter\u00edsticas de grupos sociais, classes ou profiss\u00f5es:\n<ul class=\"wp-block-list\">\n<li><a href=\"https:\/\/neoteca.letras.ufmg.br\/index.php\/giria\/\">G\u00edria<\/a><\/li>\n\n\n\n<li><a href=\"https:\/\/neoteca.letras.ufmg.br\/index.php\/jargao\/\">Jarg\u00e3o<\/a><\/li>\n\n\n\n<li><a href=\"https:\/\/neoteca.letras.ufmg.br\/index.php\/linguagem-escrita-e-linguagem-oral\/\">Linguagem escrita e Linguagem oral<\/a><\/li>\n\n\n\n<li><a href=\"https:\/\/neoteca.letras.ufmg.br\/index.php\/regionalismo\/\">Regionalismo<\/a><\/li>\n<\/ul>\n<\/li>\n\n\n\n<li><strong>Estruturas de conhecimento \u2013<\/strong> s\u00e3o padr\u00f5es mentais que organizam tudo o que sabemos sobre o mundo, funcionando como o &#8220;mapa&#8221; que nosso c\u00e9rebro utiliza para localizar e dar sentido \u00e0s palavras que ouvimos ou criamos:\n<ul class=\"wp-block-list\">\n<li><a href=\"https:\/\/neoteca.letras.ufmg.br\/index.php\/glossario-de-conceitos\/dominio-conceptual\/\">Dom\u00ednio Conceptual<\/a><\/li>\n\n\n\n<li><a href=\"https:\/\/neoteca.letras.ufmg.br\/index.php\/frame-semantico\/\"><em>Frame<\/em> sem\u00e2ntico<\/a><\/li>\n<\/ul>\n<\/li>\n\n\n\n<li><strong>Processos criativos de palavras \u2013<\/strong> s\u00e3o os diversos mecanismos pelos quais o falante renova o vocabul\u00e1rio da l\u00edngua, incluindo desde processos de forma\u00e7\u00e3o de palavras, como sufixa\u00e7\u00e3o, prefixa\u00e7\u00e3o e composi\u00e7\u00e3o, at\u00e9 processos de ressignifica\u00e7\u00e3o, como a extens\u00e3o sem\u00e2ntica:\n<ul class=\"wp-block-list\">\n<li><a href=\"https:\/\/neoteca.letras.ufmg.br\/index.php\/composicao\/\">Composi\u00e7\u00e3o<\/a><\/li>\n\n\n\n<li><a href=\"https:\/\/neoteca.letras.ufmg.br\/index.php\/conversao\/\">Convers\u00e3o<\/a><\/li>\n\n\n\n<li><a href=\"https:\/\/neoteca.letras.ufmg.br\/index.php\/criacao-por-analogia\/\">Cria\u00e7\u00e3o por analogia<\/a><\/li>\n\n\n\n<li><a href=\"https:\/\/neoteca.letras.ufmg.br\/index.php\/cruzamento-vocabular\/\">Cruzamento vocabular<\/a><\/li>\n\n\n\n<li><a href=\"https:\/\/neoteca.letras.ufmg.br\/index.php\/derivacao-regressiva\/\">Deriva\u00e7\u00e3o regressiva<\/a><\/li>\n\n\n\n<li><a href=\"https:\/\/neoteca.letras.ufmg.br\/index.php\/estrangeirismo-emprestimo-linguistico\/\">Estrangeirismo\/Empr\u00e9stimo<\/a><\/li>\n\n\n\n<li><em><a href=\"https:\/\/neoteca.letras.ufmg.br\/index.php\/ex-nihilo\/\">Ex-nihilo<\/a><\/em><\/li>\n\n\n\n<li><a href=\"https:\/\/neoteca.letras.ufmg.br\/index.php\/extensao-semantica\/\">Extens\u00e3o sem\u00e2ntica<\/a><\/li>\n\n\n\n<li><a href=\"https:\/\/neoteca.letras.ufmg.br\/index.php\/formacao-por-splinter\/\">Forma\u00e7\u00e3o por <em>splinter<\/em><\/a><\/li>\n\n\n\n<li><em><a href=\"https:\/\/neoteca.letras.ufmg.br\/index.php\/hapax-legomenon\/\">Hapax legomenon<\/a><\/em><\/li>\n\n\n\n<li><a href=\"https:\/\/neoteca.letras.ufmg.br\/index.php\/onomatopeia\/\">Onomatopeia<\/a><\/li>\n\n\n\n<li><a href=\"https:\/\/neoteca.letras.ufmg.br\/index.php\/parassintese\/\">Parass\u00edntese<\/a><\/li>\n\n\n\n<li><a href=\"https:\/\/neoteca.letras.ufmg.br\/index.php\/prefixacao\/\">Prefixa\u00e7\u00e3o<\/a><\/li>\n\n\n\n<li><a href=\"https:\/\/neoteca.letras.ufmg.br\/index.php\/recomposicao\/\">Recomposi\u00e7\u00e3o<\/a><\/li>\n\n\n\n<li><a href=\"https:\/\/neoteca.letras.ufmg.br\/index.php\/reduplicacao\/\">Reduplica\u00e7\u00e3o<\/a><\/li>\n\n\n\n<li><a href=\"https:\/\/neoteca.letras.ufmg.br\/index.php\/siglagem-acronimia\/\">Siglagem\/Acron\u00edmia<\/a><\/li>\n\n\n\n<li><a href=\"https:\/\/neoteca.letras.ufmg.br\/index.php\/sufixacao\/\">Sufixa\u00e7\u00e3o<\/a><\/li>\n\n\n\n<li><a href=\"https:\/\/neoteca.letras.ufmg.br\/index.php\/truncamento\/\">Truncamento<\/a><\/li>\n<\/ul>\n<\/li>\n\n\n\n<li><strong>Unidades Lexicais \u2013<\/strong> s\u00e3o constru\u00e7\u00f5es combinadas de forma e significado que armazenamos em nossa mem\u00f3ria de longo prazo, a partir da experi\u00eancia e do uso da l\u00edngua:\n<ul class=\"wp-block-list\">\n<li><a href=\"https:\/\/neoteca.letras.ufmg.br\/index.php\/afixo\/\">Afixo (prefixos e sufixos)<\/a><\/li>\n\n\n\n<li><a href=\"https:\/\/neoteca.letras.ufmg.br\/index.php\/glossario-de-conceitos\/expressoes-idiomaticas\/\">Express\u00e3o idiom\u00e1tica<\/a><\/li>\n\n\n\n<li><a href=\"https:\/\/neoteca.letras.ufmg.br\/index.php\/glossario-de-conceitos\/flexao\/\">Flex\u00e3o<\/a><\/li>\n\n\n\n<li><a href=\"https:\/\/neoteca.letras.ufmg.br\/index.php\/glossario-de-conceitos\/palavra\/\">Palavra<\/a>\n<ul class=\"wp-block-list\">\n<li><a href=\"https:\/\/neoteca.letras.ufmg.br\/index.php\/glossario-de-conceitos\/classes-de-palavra\/\" data-type=\"link\" data-id=\"https:\/\/neoteca.letras.ufmg.br\/index.php\/glossario-de-conceitos\/classes-de-palavra\/\">Classes de palavras<\/a><\/li>\n<\/ul>\n<\/li>\n\n\n\n<li><a href=\"https:\/\/neoteca.letras.ufmg.br\/index.php\/radical\/\">Radical<\/a><\/li>\n<\/ul>\n<\/li>\n<\/ul>\n\n\n\n<p><\/p>\n","protected":false},"excerpt":{"rendered":"<p>As entradas dos neologismos registrados na Neoteca apresentam, al\u00e9m do significado da nova palavra, outras informa\u00e7\u00f5es, como classe de palavra [&hellip;]<\/p>\n","protected":false},"author":3,"featured_media":0,"parent":0,"menu_order":0,"comment_status":"closed","ping_status":"closed","template":"","meta":{"site-sidebar-layout":"default","site-content-layout":"","ast-site-content-layout":"default","site-content-style":"default","site-sidebar-style":"default","ast-global-header-display":"","ast-banner-title-visibility":"","ast-main-header-display":"","ast-hfb-above-header-display":"","ast-hfb-below-header-display":"","ast-hfb-mobile-header-display":"","site-post-title":"","ast-breadcrumbs-content":"","ast-featured-img":"","footer-sml-layout":"","ast-disable-related-posts":"","theme-transparent-header-meta":"","adv-header-id-meta":"","stick-header-meta":"","header-above-stick-meta":"","header-main-stick-meta":"","header-below-stick-meta":"","astra-migrate-meta-layouts":"default","ast-page-background-enabled":"default","ast-page-background-meta":{"desktop":{"background-color":"var(--ast-global-color-5)","background-image":"","background-repeat":"repeat","background-position":"center center","background-size":"auto","background-attachment":"scroll","background-type":"","background-media":"","overlay-type":"","overlay-color":"","overlay-opacity":"","overlay-gradient":""},"tablet":{"background-color":"","background-image":"","background-repeat":"repeat","background-position":"center center","background-size":"auto","background-attachment":"scroll","background-type":"","background-media":"","overlay-type":"","overlay-color":"","overlay-opacity":"","overlay-gradient":""},"mobile":{"background-color":"","background-image":"","background-repeat":"repeat","background-position":"center center","background-size":"auto","background-attachment":"scroll","background-type":"","background-media":"","overlay-type":"","overlay-color":"","overlay-opacity":"","overlay-gradient":""}},"ast-content-background-meta":{"desktop":{"background-color":"var(--ast-global-color-4)","background-image":"","background-repeat":"repeat","background-position":"center center","background-size":"auto","background-attachment":"scroll","background-type":"","background-media":"","overlay-type":"","overlay-color":"","overlay-opacity":"","overlay-gradient":""},"tablet":{"background-color":"var(--ast-global-color-4)","background-image":"","background-repeat":"repeat","background-position":"center center","background-size":"auto","background-attachment":"scroll","background-type":"","background-media":"","overlay-type":"","overlay-color":"","overlay-opacity":"","overlay-gradient":""},"mobile":{"background-color":"var(--ast-global-color-4)","background-image":"","background-repeat":"repeat","background-position":"center center","background-size":"auto","background-attachment":"scroll","background-type":"","background-media":"","overlay-type":"","overlay-color":"","overlay-opacity":"","overlay-gradient":""}},"footnotes":""},"class_list":["post-52","page","type-page","status-publish","hentry"],"_links":{"self":[{"href":"https:\/\/neoteca.letras.ufmg.br\/index.php\/wp-json\/wp\/v2\/pages\/52","targetHints":{"allow":["GET"]}}],"collection":[{"href":"https:\/\/neoteca.letras.ufmg.br\/index.php\/wp-json\/wp\/v2\/pages"}],"about":[{"href":"https:\/\/neoteca.letras.ufmg.br\/index.php\/wp-json\/wp\/v2\/types\/page"}],"author":[{"embeddable":true,"href":"https:\/\/neoteca.letras.ufmg.br\/index.php\/wp-json\/wp\/v2\/users\/3"}],"replies":[{"embeddable":true,"href":"https:\/\/neoteca.letras.ufmg.br\/index.php\/wp-json\/wp\/v2\/comments?post=52"}],"version-history":[{"count":31,"href":"https:\/\/neoteca.letras.ufmg.br\/index.php\/wp-json\/wp\/v2\/pages\/52\/revisions"}],"predecessor-version":[{"id":2158,"href":"https:\/\/neoteca.letras.ufmg.br\/index.php\/wp-json\/wp\/v2\/pages\/52\/revisions\/2158"}],"wp:attachment":[{"href":"https:\/\/neoteca.letras.ufmg.br\/index.php\/wp-json\/wp\/v2\/media?parent=52"}],"curies":[{"name":"wp","href":"https:\/\/api.w.org\/{rel}","templated":true}]}}