{"id":440,"date":"2025-08-11T22:12:12","date_gmt":"2025-08-12T01:12:12","guid":{"rendered":"https:\/\/neoteca.letras.ufmg.br\/?page_id=440"},"modified":"2025-09-15T13:43:54","modified_gmt":"2025-09-15T16:43:54","slug":"flexao","status":"publish","type":"page","link":"https:\/\/neoteca.letras.ufmg.br\/index.php\/glossario-de-conceitos\/palavra\/flexao\/","title":{"rendered":"Flex\u00e3o"},"content":{"rendered":"\n<p class=\"has-text-align-left\">Elemento morfol\u00f3gico aplicado aos radicais das <a href=\"https:\/\/neoteca.letras.ufmg.br\/index.php\/glossario-de-conceitos\/palavra\/\">palavras<\/a> para expressar: a) g\u00eanero e n\u00famero nos itens nominais (como os substantivos); b) tempo-modo-aspecto e n\u00famero-pessoa nos itens verbais.<\/p>\n\n\n\n<p class=\"has-text-align-left\">Exemplos: nomes \u2014 <em>alun<\/em><strong><em>o<\/em><\/strong> (masculino), <em>alun<\/em><strong><em>a<\/em><\/strong> (feminino), aluno<strong><em>s<\/em><\/strong> (plural); verbos \u2014 <em>estud<\/em><strong><em>o<\/em><\/strong> (presente, indicativo, imperfectivo, singular, 1\u00aa pessoa) e <em>estud<\/em><strong><em>aram<\/em><\/strong> (<strong><em>-aram<\/em><\/strong> = [<em>-a<\/em>] vogal tem\u00e1tica de primeira conjuga\u00e7\u00e3o, [<em>-ra<\/em>] pret\u00e9rito perfeito, indicativo, perfectivo, [<em>-m<\/em>] plural, 3\u00aa pessoa).<\/p>\n\n\n\n<hr class=\"wp-block-separator has-alpha-channel-opacity\"\/>\n\n\n\n<h5 class=\"wp-block-heading has-text-align-left\"><strong>Refer\u00eancia<\/strong><\/h5>\n\n\n\n<p class=\"has-text-align-left\">GON\u00c7ALVES, Carlos Alexandre. <strong>Morfologia.<\/strong> S\u00e3o Paulo: Par\u00e1bola, 2019.<\/p>\n","protected":false},"excerpt":{"rendered":"<p>Elemento morfol\u00f3gico aplicado aos radicais das palavras para expressar: a) g\u00eanero e n\u00famero nos itens nominais (como os substantivos); b) [&hellip;]<\/p>\n","protected":false},"author":2,"featured_media":0,"parent":437,"menu_order":0,"comment_status":"closed","ping_status":"closed","template":"","meta":{"site-sidebar-layout":"default","site-content-layout":"","ast-site-content-layout":"default","site-content-style":"default","site-sidebar-style":"default","ast-global-header-display":"","ast-banner-title-visibility":"","ast-main-header-display":"","ast-hfb-above-header-display":"","ast-hfb-below-header-display":"","ast-hfb-mobile-header-display":"","site-post-title":"","ast-breadcrumbs-content":"","ast-featured-img":"","footer-sml-layout":"","ast-disable-related-posts":"","theme-transparent-header-meta":"","adv-header-id-meta":"","stick-header-meta":"","header-above-stick-meta":"","header-main-stick-meta":"","header-below-stick-meta":"","astra-migrate-meta-layouts":"default","ast-page-background-enabled":"default","ast-page-background-meta":{"desktop":{"background-color":"var(--ast-global-color-5)","background-image":"","background-repeat":"repeat","background-position":"center center","background-size":"auto","background-attachment":"scroll","background-type":"","background-media":"","overlay-type":"","overlay-color":"","overlay-opacity":"","overlay-gradient":""},"tablet":{"background-color":"","background-image":"","background-repeat":"repeat","background-position":"center center","background-size":"auto","background-attachment":"scroll","background-type":"","background-media":"","overlay-type":"","overlay-color":"","overlay-opacity":"","overlay-gradient":""},"mobile":{"background-color":"","background-image":"","background-repeat":"repeat","background-position":"center center","background-size":"auto","background-attachment":"scroll","background-type":"","background-media":"","overlay-type":"","overlay-color":"","overlay-opacity":"","overlay-gradient":""}},"ast-content-background-meta":{"desktop":{"background-color":"var(--ast-global-color-4)","background-image":"","background-repeat":"repeat","background-position":"center center","background-size":"auto","background-attachment":"scroll","background-type":"","background-media":"","overlay-type":"","overlay-color":"","overlay-opacity":"","overlay-gradient":""},"tablet":{"background-color":"var(--ast-global-color-4)","background-image":"","background-repeat":"repeat","background-position":"center center","background-size":"auto","background-attachment":"scroll","background-type":"","background-media":"","overlay-type":"","overlay-color":"","overlay-opacity":"","overlay-gradient":""},"mobile":{"background-color":"var(--ast-global-color-4)","background-image":"","background-repeat":"repeat","background-position":"center center","background-size":"auto","background-attachment":"scroll","background-type":"","background-media":"","overlay-type":"","overlay-color":"","overlay-opacity":"","overlay-gradient":""}},"footnotes":""},"class_list":["post-440","page","type-page","status-publish","hentry"],"_links":{"self":[{"href":"https:\/\/neoteca.letras.ufmg.br\/index.php\/wp-json\/wp\/v2\/pages\/440","targetHints":{"allow":["GET"]}}],"collection":[{"href":"https:\/\/neoteca.letras.ufmg.br\/index.php\/wp-json\/wp\/v2\/pages"}],"about":[{"href":"https:\/\/neoteca.letras.ufmg.br\/index.php\/wp-json\/wp\/v2\/types\/page"}],"author":[{"embeddable":true,"href":"https:\/\/neoteca.letras.ufmg.br\/index.php\/wp-json\/wp\/v2\/users\/2"}],"replies":[{"embeddable":true,"href":"https:\/\/neoteca.letras.ufmg.br\/index.php\/wp-json\/wp\/v2\/comments?post=440"}],"version-history":[{"count":4,"href":"https:\/\/neoteca.letras.ufmg.br\/index.php\/wp-json\/wp\/v2\/pages\/440\/revisions"}],"predecessor-version":[{"id":751,"href":"https:\/\/neoteca.letras.ufmg.br\/index.php\/wp-json\/wp\/v2\/pages\/440\/revisions\/751"}],"up":[{"embeddable":true,"href":"https:\/\/neoteca.letras.ufmg.br\/index.php\/wp-json\/wp\/v2\/pages\/437"}],"wp:attachment":[{"href":"https:\/\/neoteca.letras.ufmg.br\/index.php\/wp-json\/wp\/v2\/media?parent=440"}],"curies":[{"name":"wp","href":"https:\/\/api.w.org\/{rel}","templated":true}]}}