{"id":437,"date":"2025-08-11T22:02:47","date_gmt":"2025-08-12T01:02:47","guid":{"rendered":"https:\/\/neoteca.letras.ufmg.br\/?page_id=437"},"modified":"2025-09-15T13:41:36","modified_gmt":"2025-09-15T16:41:36","slug":"palavra","status":"publish","type":"page","link":"https:\/\/neoteca.letras.ufmg.br\/index.php\/glossario-de-conceitos\/palavra\/","title":{"rendered":"Palavra"},"content":{"rendered":"\n<p class=\"has-text-align-left\">Intuitivamente, no nosso idioma, todos n\u00f3s sabemos, com maior ou menor grau de certeza, o que \u00e9 uma palavra. Para definir, identificar e delimitar a palavra, \u00e9 necess\u00e1rio considerar as particularidades de cada l\u00edngua.<\/p>\n\n\n\n<p class=\"has-text-align-left\">Diferentes crit\u00e9rios podem ser utilizados para se definir a palavra, como o fonol\u00f3gico (a forma sonora), o gr\u00e1fico (a forma escrita), o morfossint\u00e1tico (a forma gramatical) e o sem\u00e2ntico (o significado), entre outros. Para simplificar, adotaremos na <em>Neoteca<\/em> o crit\u00e9rio gr\u00e1fico (uma <em>palavra<\/em> \u00e9 uma sequ\u00eancia de elementos separados por espa\u00e7os em branco) e o crit\u00e9rio sem\u00e2ntico (uma <em>palavra<\/em> \u00e9 uma unidade est\u00e1vel de significa\u00e7\u00e3o). A palavra \u00e9 constitu\u00edda por elementos morfossint\u00e1ticos como <a href=\"https:\/\/neoteca.letras.ufmg.br\/index.php\/radical\/\">radicais<\/a>, <a href=\"https:\/\/neoteca.letras.ufmg.br\/index.php\/afixo\/\">afixos<\/a> e <a href=\"https:\/\/neoteca.letras.ufmg.br\/index.php\/glossario-de-conceitos\/flexao\/\">flex\u00f5es<\/a>.<\/p>\n\n\n\n<p class=\"has-text-align-left\">Exemplos: crit\u00e9rio gr\u00e1fico \u2014 <em>O<\/em><em><sub>1<\/sub><\/em><em> quadro-negro<\/em><em><sub>2<\/sub><\/em><em> \u00e9<\/em><em><sub>3<\/sub><\/em><em> verde<\/em><em><sub>4<\/sub><\/em><em>.<\/em> (= 4 palavras); sem\u00e2ntico \u2013 <em>O<\/em><em><sub>1<\/sub><\/em><em> professor<\/em><em><sub>2<\/sub><\/em><em> s\u00f3<\/em><em><sub>3<\/sub><\/em><em> sabia<\/em><em><sub>4<\/sub><\/em><em> encher<\/em><em><sub>5<\/sub><\/em><em> lingui\u00e7a<\/em><em><sub>6<\/sub><\/em><em>.<\/em> (= 6 palavras).<\/p>\n\n\n\n<p class=\"has-text-align-left\">Nos exemplos acima, observamos dois casos que mostram ser necess\u00e1rio mais de um crit\u00e9rio para se isolar e conceituar uma palavra: <em>quadro-negro<\/em>, um substantivo composto, e <em>encher lingui\u00e7a<\/em>, uma express\u00e3o idiom\u00e1tica formada por duas palavras.<\/p>\n\n\n\n<p class=\"has-text-align-left\">S\u00e3o exemplos de neologismos que ilustram esses casos: <em>guarda-roupa<\/em> (significando \u201cpessoa de grande porte f\u00edsico, alta e forte\u201d) e <em>fazer a eg\u00edpcia<\/em> (significando \u201cignorar algo ou algu\u00e9m ou fazer-se de desentendido(a)\u201d).<\/p>\n\n\n\n<hr class=\"wp-block-separator has-alpha-channel-opacity\"\/>\n\n\n\n<h5 class=\"wp-block-heading has-text-align-left\"><strong>Refer\u00eancias<\/strong><\/h5>\n\n\n\n<p class=\"has-text-align-left\">BAS\u00cdLIO, Margarida. <strong>Forma\u00e7\u00e3o e classes de palavras no portugu\u00eas brasileiro.<\/strong> 3. ed. S\u00e3o Paulo: Contexto, 2011.<\/p>\n\n\n\n<p class=\"has-text-align-left\">BIDERMAN, Maria Tereza Camargo. <strong>Teoria Lingu\u00edstica:<\/strong> lingu\u00edstica quantitativa e computacional. Rio de Janeiro: Livros T\u00e9cnicos e Cient\u00edficos, 1978.<\/p>\n\n\n\n<p class=\"has-text-align-left\">BIDERMAN, Maria Tereza Camargo. Conceito lingu\u00edstico de palavra. <em>In:<\/em> BAS\u00cdLIO, Margarita. (Org.). <strong>Palavra (s\u00e9rie linguagem):<\/strong> a delimita\u00e7\u00e3o de unidades lexicais. Rio de Janeiro: Grypho, 1999. p. 81-97.<\/p>\n","protected":false},"excerpt":{"rendered":"<p>Intuitivamente, no nosso idioma, todos n\u00f3s sabemos, com maior ou menor grau de certeza, o que \u00e9 uma palavra. Para [&hellip;]<\/p>\n","protected":false},"author":2,"featured_media":0,"parent":52,"menu_order":0,"comment_status":"closed","ping_status":"closed","template":"","meta":{"site-sidebar-layout":"default","site-content-layout":"","ast-site-content-layout":"default","site-content-style":"default","site-sidebar-style":"default","ast-global-header-display":"","ast-banner-title-visibility":"","ast-main-header-display":"","ast-hfb-above-header-display":"","ast-hfb-below-header-display":"","ast-hfb-mobile-header-display":"","site-post-title":"","ast-breadcrumbs-content":"","ast-featured-img":"","footer-sml-layout":"","ast-disable-related-posts":"","theme-transparent-header-meta":"","adv-header-id-meta":"","stick-header-meta":"","header-above-stick-meta":"","header-main-stick-meta":"","header-below-stick-meta":"","astra-migrate-meta-layouts":"default","ast-page-background-enabled":"default","ast-page-background-meta":{"desktop":{"background-color":"var(--ast-global-color-5)","background-image":"","background-repeat":"repeat","background-position":"center center","background-size":"auto","background-attachment":"scroll","background-type":"","background-media":"","overlay-type":"","overlay-color":"","overlay-opacity":"","overlay-gradient":""},"tablet":{"background-color":"","background-image":"","background-repeat":"repeat","background-position":"center center","background-size":"auto","background-attachment":"scroll","background-type":"","background-media":"","overlay-type":"","overlay-color":"","overlay-opacity":"","overlay-gradient":""},"mobile":{"background-color":"","background-image":"","background-repeat":"repeat","background-position":"center center","background-size":"auto","background-attachment":"scroll","background-type":"","background-media":"","overlay-type":"","overlay-color":"","overlay-opacity":"","overlay-gradient":""}},"ast-content-background-meta":{"desktop":{"background-color":"var(--ast-global-color-4)","background-image":"","background-repeat":"repeat","background-position":"center center","background-size":"auto","background-attachment":"scroll","background-type":"","background-media":"","overlay-type":"","overlay-color":"","overlay-opacity":"","overlay-gradient":""},"tablet":{"background-color":"var(--ast-global-color-4)","background-image":"","background-repeat":"repeat","background-position":"center center","background-size":"auto","background-attachment":"scroll","background-type":"","background-media":"","overlay-type":"","overlay-color":"","overlay-opacity":"","overlay-gradient":""},"mobile":{"background-color":"var(--ast-global-color-4)","background-image":"","background-repeat":"repeat","background-position":"center center","background-size":"auto","background-attachment":"scroll","background-type":"","background-media":"","overlay-type":"","overlay-color":"","overlay-opacity":"","overlay-gradient":""}},"footnotes":""},"class_list":["post-437","page","type-page","status-publish","hentry"],"_links":{"self":[{"href":"https:\/\/neoteca.letras.ufmg.br\/index.php\/wp-json\/wp\/v2\/pages\/437","targetHints":{"allow":["GET"]}}],"collection":[{"href":"https:\/\/neoteca.letras.ufmg.br\/index.php\/wp-json\/wp\/v2\/pages"}],"about":[{"href":"https:\/\/neoteca.letras.ufmg.br\/index.php\/wp-json\/wp\/v2\/types\/page"}],"author":[{"embeddable":true,"href":"https:\/\/neoteca.letras.ufmg.br\/index.php\/wp-json\/wp\/v2\/users\/2"}],"replies":[{"embeddable":true,"href":"https:\/\/neoteca.letras.ufmg.br\/index.php\/wp-json\/wp\/v2\/comments?post=437"}],"version-history":[{"count":8,"href":"https:\/\/neoteca.letras.ufmg.br\/index.php\/wp-json\/wp\/v2\/pages\/437\/revisions"}],"predecessor-version":[{"id":750,"href":"https:\/\/neoteca.letras.ufmg.br\/index.php\/wp-json\/wp\/v2\/pages\/437\/revisions\/750"}],"up":[{"embeddable":true,"href":"https:\/\/neoteca.letras.ufmg.br\/index.php\/wp-json\/wp\/v2\/pages\/52"}],"wp:attachment":[{"href":"https:\/\/neoteca.letras.ufmg.br\/index.php\/wp-json\/wp\/v2\/media?parent=437"}],"curies":[{"name":"wp","href":"https:\/\/api.w.org\/{rel}","templated":true}]}}