{"id":24,"date":"2025-07-25T17:05:52","date_gmt":"2025-07-25T20:05:52","guid":{"rendered":"https:\/\/neoteca.letras.ufmg.br\/?page_id=24"},"modified":"2026-01-08T16:30:38","modified_gmt":"2026-01-08T19:30:38","slug":"bem-vindo-a-neoteca-de-palavras","status":"publish","type":"page","link":"https:\/\/neoteca.letras.ufmg.br\/","title":{"rendered":"Home"},"content":{"rendered":"\n<p class=\"has-text-align-left\">Bem-vindos \u00e0 <em>Neoteca de Palavras<\/em>, o seu reposit\u00f3rio de <a href=\"https:\/\/neoteca.letras.ufmg.br\/index.php\/o-que-e-neologismo\/\">neologismos<\/a>!<\/p>\n\n\n\n<p class=\"has-text-align-left\">A <em>Neoteca de Palavras<\/em>&nbsp;busca criar um reposit\u00f3rio <em>online<\/em> colaborativo, em que qualquer pessoa pode descobrir e contribuir com novas palavras da l\u00edngua portuguesa. O objetivo \u00e9 reunir e organizar essas palavras novas, surgidas no dia a dia, especialmente aquelas que n\u00e3o aparecem nos dicion\u00e1rios, para que possam ser registradas, compreendidas e at\u00e9 avaliadas em sua novidade, conforme a sua percep\u00e7\u00e3o.<\/p>\n\n\n\n<p class=\"has-text-align-left\">Qualquer usu\u00e1rio, seja pesquisador, educador ou falante da l\u00edngua, pode acessar o acervo e sugerir neologismos, ajudando a mostrar como a l\u00edngua \u00e9 viva\u00a0e se transforma\u00a0constantemente. Propomos aqui uma plataforma que seja\u00a0f\u00e1cil de usar e acess\u00edvel a todos, com informa\u00e7\u00f5es detalhadas sobre cada palavra, poss\u00edveis origens, significados e\u00a0exemplos de uso e ocorr\u00eancias.\u00a0A miss\u00e3o da <em>Neoteca<\/em> \u00e9 conscientizar as pessoas\u00a0sobre a criatividade lingu\u00edstica e a diversidade cultural que faz parte da nossa comunica\u00e7\u00e3o, especialmente no mundo digital e globalizado de hoje. Este projeto \u00e9 um produto resultante da pesquisa de doutoramento &#8220;Neologismos em Constru\u00e7\u00e3o: uma abordagem cognitivo-construcional para a an\u00e1lise de novos verbos do portugu\u00eas brasileiro&#8221;, defendida por Paulo Ferreira, em 2025.<\/p>\n\n\n\n<p class=\"has-text-align-left\">\ud83c\udf43 Procurando um neologismo espec\u00edfico? Use o campo de consulta abaixo. Ou, se preferir, explore nossa <em>Neolista<\/em> e descubra todos os neologismos em nosso acervo!<\/p>\n\n\n\n<div class=\"wp-block-columns is-layout-flex wp-container-core-columns-is-layout-28f84493 wp-block-columns-is-layout-flex\">\n<div class=\"wp-block-column is-vertically-aligned-center is-layout-flow wp-block-column-is-layout-flow\" style=\"flex-basis:66.66%\"><form  class=\"is-search-form is-form-style is-form-style-3 is-form-id-509 \" action=\"https:\/\/neoteca.letras.ufmg.br\/\" method=\"get\" role=\"search\" ><label for=\"is-search-input-509\"><span class=\"is-screen-reader-text\">Search for:<\/span><input  type=\"search\" id=\"is-search-input-509\" name=\"s\" value=\"\" class=\"is-search-input\" placeholder=\"Busque um neologismo\" autocomplete=off \/><\/label><button type=\"submit\" class=\"is-search-submit\"><span class=\"is-screen-reader-text\">Search Button<\/span><span class=\"is-search-icon\"><svg focusable=\"false\" aria-label=\"Search\" xmlns=\"http:\/\/www.w3.org\/2000\/svg\" viewBox=\"0 0 24 24\" width=\"24px\"><path d=\"M15.5 14h-.79l-.28-.27C15.41 12.59 16 11.11 16 9.5 16 5.91 13.09 3 9.5 3S3 5.91 3 9.5 5.91 16 9.5 16c1.61 0 3.09-.59 4.23-1.57l.27.28v.79l5 4.99L20.49 19l-4.99-5zm-6 0C7.01 14 5 11.99 5 9.5S7.01 5 9.5 5 14 7.01 14 9.5 11.99 14 9.5 14z\"><\/path><\/svg><\/span><\/button><input type=\"hidden\" name=\"id\" value=\"509\" \/><input type=\"hidden\" name=\"post_type\" value=\"neologismo\" \/><\/form>\n<\/div>\n\n\n\n<div class=\"wp-block-column is-layout-flow wp-block-column-is-layout-flow\">\n<p class=\"has-text-align-center\" style=\"font-size:18px\"><strong>OU<\/strong><\/p>\n<\/div>\n\n\n\n<div class=\"wp-block-column is-layout-flow wp-block-column-is-layout-flow\">\n<div class=\"wp-block-buttons is-layout-flex wp-block-buttons-is-layout-flex\">\n<div class=\"wp-block-button\"><a class=\"wp-block-button__link has-ast-global-color-4-color has-text-color has-link-color wp-element-button\" href=\"https:\/\/neoteca.letras.ufmg.br\/index.php\/lista-de-neologismos\/\">Acesse a <em>Neolista<\/em>!<\/a><\/div>\n<\/div>\n<\/div>\n<\/div>\n","protected":false},"excerpt":{"rendered":"<p>Bem-vindos \u00e0 Neoteca de Palavras, o seu reposit\u00f3rio de neologismos! A Neoteca de Palavras&nbsp;busca criar um reposit\u00f3rio online colaborativo, em [&hellip;]<\/p>\n","protected":false},"author":3,"featured_media":0,"parent":0,"menu_order":0,"comment_status":"closed","ping_status":"closed","template":"","meta":{"site-sidebar-layout":"default","site-content-layout":"","ast-site-content-layout":"default","site-content-style":"default","site-sidebar-style":"default","ast-global-header-display":"","ast-banner-title-visibility":"","ast-main-header-display":"","ast-hfb-above-header-display":"","ast-hfb-below-header-display":"","ast-hfb-mobile-header-display":"","site-post-title":"","ast-breadcrumbs-content":"","ast-featured-img":"","footer-sml-layout":"","ast-disable-related-posts":"","theme-transparent-header-meta":"","adv-header-id-meta":"","stick-header-meta":"","header-above-stick-meta":"","header-main-stick-meta":"","header-below-stick-meta":"","astra-migrate-meta-layouts":"default","ast-page-background-enabled":"default","ast-page-background-meta":{"desktop":{"background-color":"var(--ast-global-color-5)","background-image":"","background-repeat":"repeat","background-position":"center center","background-size":"auto","background-attachment":"scroll","background-type":"","background-media":"","overlay-type":"","overlay-color":"","overlay-opacity":"","overlay-gradient":""},"tablet":{"background-color":"","background-image":"","background-repeat":"repeat","background-position":"center center","background-size":"auto","background-attachment":"scroll","background-type":"","background-media":"","overlay-type":"","overlay-color":"","overlay-opacity":"","overlay-gradient":""},"mobile":{"background-color":"","background-image":"","background-repeat":"repeat","background-position":"center center","background-size":"auto","background-attachment":"scroll","background-type":"","background-media":"","overlay-type":"","overlay-color":"","overlay-opacity":"","overlay-gradient":""}},"ast-content-background-meta":{"desktop":{"background-color":"var(--ast-global-color-4)","background-image":"","background-repeat":"repeat","background-position":"center center","background-size":"auto","background-attachment":"scroll","background-type":"","background-media":"","overlay-type":"","overlay-color":"","overlay-opacity":"","overlay-gradient":""},"tablet":{"background-color":"var(--ast-global-color-4)","background-image":"","background-repeat":"repeat","background-position":"center center","background-size":"auto","background-attachment":"scroll","background-type":"","background-media":"","overlay-type":"","overlay-color":"","overlay-opacity":"","overlay-gradient":""},"mobile":{"background-color":"var(--ast-global-color-4)","background-image":"","background-repeat":"repeat","background-position":"center center","background-size":"auto","background-attachment":"scroll","background-type":"","background-media":"","overlay-type":"","overlay-color":"","overlay-opacity":"","overlay-gradient":""}},"footnotes":""},"class_list":["post-24","page","type-page","status-publish","hentry"],"_links":{"self":[{"href":"https:\/\/neoteca.letras.ufmg.br\/index.php\/wp-json\/wp\/v2\/pages\/24","targetHints":{"allow":["GET"]}}],"collection":[{"href":"https:\/\/neoteca.letras.ufmg.br\/index.php\/wp-json\/wp\/v2\/pages"}],"about":[{"href":"https:\/\/neoteca.letras.ufmg.br\/index.php\/wp-json\/wp\/v2\/types\/page"}],"author":[{"embeddable":true,"href":"https:\/\/neoteca.letras.ufmg.br\/index.php\/wp-json\/wp\/v2\/users\/3"}],"replies":[{"embeddable":true,"href":"https:\/\/neoteca.letras.ufmg.br\/index.php\/wp-json\/wp\/v2\/comments?post=24"}],"version-history":[{"count":24,"href":"https:\/\/neoteca.letras.ufmg.br\/index.php\/wp-json\/wp\/v2\/pages\/24\/revisions"}],"predecessor-version":[{"id":1733,"href":"https:\/\/neoteca.letras.ufmg.br\/index.php\/wp-json\/wp\/v2\/pages\/24\/revisions\/1733"}],"wp:attachment":[{"href":"https:\/\/neoteca.letras.ufmg.br\/index.php\/wp-json\/wp\/v2\/media?parent=24"}],"curies":[{"name":"wp","href":"https:\/\/api.w.org\/{rel}","templated":true}]}}