{"id":1767,"date":"2026-02-21T03:53:01","date_gmt":"2026-02-21T06:53:01","guid":{"rendered":"https:\/\/neoteca.letras.ufmg.br\/?page_id=1767"},"modified":"2026-02-23T19:11:56","modified_gmt":"2026-02-23T22:11:56","slug":"dominio-conceptual","status":"publish","type":"page","link":"https:\/\/neoteca.letras.ufmg.br\/index.php\/glossario-de-conceitos\/dominio-conceptual\/","title":{"rendered":"Dom\u00ednio conceptual"},"content":{"rendered":"\n<p class=\"has-text-align-left\">Para compreendermos uma palavra, nosso c\u00e9rebro faz diversas liga\u00e7\u00f5es amplas e contextuais simultaneamente, em segundo plano e de forma autom\u00e1tica.<\/p>\n\n\n\n<p class=\"has-text-align-left\">Se pensarmos, por exemplo, na frase \u201cA cidade \u00e9 perigosa \u00e0 noite\u201d, diversos conceitos de outros dom\u00ednios mentais s\u00e3o ativados para que a senten\u00e7a ganhe sentido pleno. \u201cNoite\u201d s\u00f3 pode ser compreendida com a no\u00e7\u00e3o de escurid\u00e3o, do ciclo de 24h do dia, do movimento de rota\u00e7\u00e3o da Terra, etc.<\/p>\n\n\n\n<p class=\"has-text-align-left\">Essas liga\u00e7\u00f5es s\u00e3o constru\u00eddas de forma ampla: uma coisa sempre est\u00e1 no dom\u00ednio de outra. Partes do corpo s\u00f3 t\u00eam sentido se relacionadas a partes maiores, que s\u00f3 fazem sentido se relacionadas ao corpo todo.<\/p>\n\n\n\n<p class=\"has-text-align-left\">\u00c9 assim com qualquer palavra! Imagine que, ao inv\u00e9s de um dicion\u00e1rio (palavra-significado), n\u00f3s tenhamos uma enciclop\u00e9dia na cabe\u00e7a (m\u00faltiplas informa\u00e7\u00f5es).<\/p>\n\n\n\n<p class=\"has-text-align-left\">Em resumo, ativamos conhecimentos de diversas \u00e1reas o tempo todo e sequer percebemos! Sempre que exercemos a linguagem, relacionamos dom\u00ednios ampla e genericamente para atribuir sentido.<\/p>\n\n\n\n<p>Exemplo: Quando pensamos na palavra CAF\u00c9, ativamos diversos conhecimentos de fundo que funcionam como sua base. Para compreend\u00ea-la, nosso c\u00e9rebro pode acessar os dom\u00ednios de ALIMENTOS, de AGRICULTURA e at\u00e9 de ECONOMIA, dependendo do contexto comunicativo.<\/p>\n\n\n\n<hr class=\"wp-block-separator has-alpha-channel-opacity\"\/>\n\n\n\n<h5 class=\"wp-block-heading has-text-align-left\"><strong>Refer\u00eancia<\/strong>s<\/h5>\n\n\n\n<p class=\"has-text-align-left\">FERRARI, Lilian. <strong>Introdu\u00e7\u00e3o \u00e0 lingu\u00edstica cognitiva<\/strong>. S\u00e3o Paulo: Contexto, 2020. p. 59-61.<\/p>\n\n\n\n<p class=\"has-text-align-left\">GEERAERTS, D. (Ed.). <strong>Cognitive linguistics<\/strong>: basic readings. Berlin: Mouton de Gruyter, 2006. p. 97-102.<\/p>\n\n\n\n<p class=\"has-text-align-left\">LANGACKER, Ronald W. <strong>Foundations of cognitive grammar<\/strong>. Volume 1: Theoretical prerequisites. California: Stanford University Press, 1987. p. 99-108.<\/p>\n\n\n\n<p class=\"has-text-align-left\">MARTELOTTA, M\u00e1rio Eduardo; PALOMANES, Roza. Lingu\u00edstica Cognitiva.&nbsp;<em>In<\/em>: MARTELOTTA, M\u00e1rio Eduardo (org.).&nbsp;<strong>Manual de Lingu\u00edstica<\/strong>. S\u00e3o Paulo: Contexto, 2011. p. 177-192.<\/p>\n","protected":false},"excerpt":{"rendered":"<p>Para compreendermos uma palavra, nosso c\u00e9rebro faz diversas liga\u00e7\u00f5es amplas e contextuais simultaneamente, em segundo plano e de forma autom\u00e1tica. [&hellip;]<\/p>\n","protected":false},"author":5,"featured_media":0,"parent":52,"menu_order":0,"comment_status":"closed","ping_status":"closed","template":"","meta":{"site-sidebar-layout":"default","site-content-layout":"","ast-site-content-layout":"default","site-content-style":"default","site-sidebar-style":"default","ast-global-header-display":"","ast-banner-title-visibility":"","ast-main-header-display":"","ast-hfb-above-header-display":"","ast-hfb-below-header-display":"","ast-hfb-mobile-header-display":"","site-post-title":"","ast-breadcrumbs-content":"","ast-featured-img":"","footer-sml-layout":"","ast-disable-related-posts":"","theme-transparent-header-meta":"","adv-header-id-meta":"","stick-header-meta":"","header-above-stick-meta":"","header-main-stick-meta":"","header-below-stick-meta":"","astra-migrate-meta-layouts":"default","ast-page-background-enabled":"default","ast-page-background-meta":{"desktop":{"background-color":"var(--ast-global-color-5)","background-image":"","background-repeat":"repeat","background-position":"center center","background-size":"auto","background-attachment":"scroll","background-type":"","background-media":"","overlay-type":"","overlay-color":"","overlay-opacity":"","overlay-gradient":""},"tablet":{"background-color":"","background-image":"","background-repeat":"repeat","background-position":"center center","background-size":"auto","background-attachment":"scroll","background-type":"","background-media":"","overlay-type":"","overlay-color":"","overlay-opacity":"","overlay-gradient":""},"mobile":{"background-color":"","background-image":"","background-repeat":"repeat","background-position":"center center","background-size":"auto","background-attachment":"scroll","background-type":"","background-media":"","overlay-type":"","overlay-color":"","overlay-opacity":"","overlay-gradient":""}},"ast-content-background-meta":{"desktop":{"background-color":"var(--ast-global-color-4)","background-image":"","background-repeat":"repeat","background-position":"center center","background-size":"auto","background-attachment":"scroll","background-type":"","background-media":"","overlay-type":"","overlay-color":"","overlay-opacity":"","overlay-gradient":""},"tablet":{"background-color":"var(--ast-global-color-4)","background-image":"","background-repeat":"repeat","background-position":"center center","background-size":"auto","background-attachment":"scroll","background-type":"","background-media":"","overlay-type":"","overlay-color":"","overlay-opacity":"","overlay-gradient":""},"mobile":{"background-color":"var(--ast-global-color-4)","background-image":"","background-repeat":"repeat","background-position":"center center","background-size":"auto","background-attachment":"scroll","background-type":"","background-media":"","overlay-type":"","overlay-color":"","overlay-opacity":"","overlay-gradient":""}},"footnotes":""},"class_list":["post-1767","page","type-page","status-publish","hentry"],"_links":{"self":[{"href":"https:\/\/neoteca.letras.ufmg.br\/index.php\/wp-json\/wp\/v2\/pages\/1767","targetHints":{"allow":["GET"]}}],"collection":[{"href":"https:\/\/neoteca.letras.ufmg.br\/index.php\/wp-json\/wp\/v2\/pages"}],"about":[{"href":"https:\/\/neoteca.letras.ufmg.br\/index.php\/wp-json\/wp\/v2\/types\/page"}],"author":[{"embeddable":true,"href":"https:\/\/neoteca.letras.ufmg.br\/index.php\/wp-json\/wp\/v2\/users\/5"}],"replies":[{"embeddable":true,"href":"https:\/\/neoteca.letras.ufmg.br\/index.php\/wp-json\/wp\/v2\/comments?post=1767"}],"version-history":[{"count":4,"href":"https:\/\/neoteca.letras.ufmg.br\/index.php\/wp-json\/wp\/v2\/pages\/1767\/revisions"}],"predecessor-version":[{"id":1877,"href":"https:\/\/neoteca.letras.ufmg.br\/index.php\/wp-json\/wp\/v2\/pages\/1767\/revisions\/1877"}],"up":[{"embeddable":true,"href":"https:\/\/neoteca.letras.ufmg.br\/index.php\/wp-json\/wp\/v2\/pages\/52"}],"wp:attachment":[{"href":"https:\/\/neoteca.letras.ufmg.br\/index.php\/wp-json\/wp\/v2\/media?parent=1767"}],"curies":[{"name":"wp","href":"https:\/\/api.w.org\/{rel}","templated":true}]}}