{"id":173,"date":"2025-08-06T10:38:42","date_gmt":"2025-08-06T13:38:42","guid":{"rendered":"https:\/\/neoteca.letras.ufmg.br\/?page_id=173"},"modified":"2025-08-14T20:49:06","modified_gmt":"2025-08-14T23:49:06","slug":"siglagem-acronimia","status":"publish","type":"page","link":"https:\/\/neoteca.letras.ufmg.br\/index.php\/glossario-de-conceitos\/processos-criativos-de-palavras\/siglagem-acronimia\/","title":{"rendered":"Siglagem\/Acron\u00edmia"},"content":{"rendered":"\n<p class=\"has-text-align-left\"><em>Siglas<\/em> e <em>acr\u00f4nimos<\/em> s\u00e3o jeitos de formar palavras de forma bem enxuta, para economizar quando falamos ou escrevemos. Eles funcionam como uma esp\u00e9cie de &#8220;resumo&#8221; de nomes grandes, parecidos com o que acontece no <a href=\"https:\/\/neoteca.letras.ufmg.br\/index.php\/glossario-de-conceitos\/processos-criativos-de-palavras\/truncamento\/\">truncamento<\/a> (quando se corta parte de uma palavra, como <em>refrigerante\/refri<\/em>), mas ainda mais compactos, j\u00e1 que representam nomes com v\u00e1rias palavras.<\/p>\n\n\n\n<p class=\"has-text-align-left\">A diferen\u00e7a principal entre sigla e acr\u00f4nimo est\u00e1 na forma de falar. Na sigla falamos letra por letra, como \u201c<em>U-F-M-G<\/em>\u201d (Universidade Federal de Minas Gerais). J\u00e1 no acr\u00f4nimo d\u00e1 pra ler como uma palavra s\u00f3, como \u201c<em>UEMG<\/em>\u201d (que se l\u00ea \u201cUengue\u201d &#8211; Universidade Estadual de Minas Gerais).<\/p>\n\n\n\n<p class=\"has-text-align-left\">Mesmo com essa diferen\u00e7a na fala, tanto as siglas quanto os acr\u00f4nimos s\u00e3o tratados como palavras. Eles podem receber plural (como em\u00a0<em>CPFs<\/em>,\u00a0<em>CEPs<\/em>) e tamb\u00e9m formar outras palavras, como\u00a0<em>petista<\/em>\u00a0(de <em>PT<\/em>) ou\u00a0<em>anti-Detran<\/em>.<\/p>\n\n\n\n<p class=\"has-text-align-left\">Exemplos:<\/p>\n\n\n\n<p class=\"has-text-align-left\">Siglas:&nbsp;<em>CPF<\/em>&nbsp;(Cadastro de Pessoas F\u00edsicas),&nbsp;<em>INSS<\/em>&nbsp;(Instituto Nacional do Seguro Social),<em>&nbsp;CNPq<\/em>&nbsp;(Conselho Nacional de Desenvolvimento Cient\u00edfico e Tecnol\u00f3gico),&nbsp;<em>IBGE<\/em>&nbsp;(Instituto Brasileiro de Geografia e Estat\u00edstica);<\/p>\n\n\n\n<p class=\"has-text-align-left\">Acr\u00f4nimos:&nbsp;<em>CEP<\/em>&nbsp;(C\u00f3digo de Endere\u00e7amento Postal),&nbsp;<em>MEC<\/em>&nbsp;(Minist\u00e9rio da Educa\u00e7\u00e3o),&nbsp;<em>FALE<\/em>&nbsp;(Faculdade de Letras),&nbsp;<em>DETRAN<\/em>&nbsp;(Departamento Estadual de Tr\u00e2nsito).<\/p>\n\n\n\n<ul class=\"wp-block-list\">\n<li><a href=\"https:\/\/neoteca.letras.ufmg.br\/index.php\/categorias_neologismos\/siglagem_acronimia\/\" data-type=\"categorias_neologismos\" data-id=\"22\">Ver neologismos de siglagem\/acron\u00edmia<\/a><\/li>\n<\/ul>\n\n\n\n<hr class=\"wp-block-separator has-alpha-channel-opacity\"\/>\n\n\n\n<h5 class=\"wp-block-heading has-text-align-left\"><strong>Refer\u00eancia<\/strong><\/h5>\n\n\n\n<p class=\"has-text-align-left\">FERREIRA, Paulo Ricardo Sousa.&nbsp;<strong>Neologismos e Processos Lexicais Criativos:<\/strong> a Produtividade Lexical sob a \u00d3tica da Lingu\u00edstica Cognitiva e Gerativa. Disserta\u00e7\u00e3o (Mestrado em Lingu\u00edstica) \u2013 Pontif\u00edcia Universidade Cat\u00f3lica de Minas Gerais, Belo Horizonte, 2021. Dispon\u00edvel em: <a href=\"https:\/\/doi.org\/10.6084\/m9.figshare.14485974.v1\">https:\/\/doi.org\/10.6084\/m9.figshare.14485974.v1<\/a>. Acesso em: 15 fev. 2025.<\/p>\n","protected":false},"excerpt":{"rendered":"<p>Siglas e acr\u00f4nimos s\u00e3o jeitos de formar palavras de forma bem enxuta, para economizar quando falamos ou escrevemos. Eles funcionam [&hellip;]<\/p>\n","protected":false},"author":2,"featured_media":0,"parent":136,"menu_order":0,"comment_status":"closed","ping_status":"closed","template":"","meta":{"site-sidebar-layout":"default","site-content-layout":"","ast-site-content-layout":"default","site-content-style":"default","site-sidebar-style":"default","ast-global-header-display":"","ast-banner-title-visibility":"","ast-main-header-display":"","ast-hfb-above-header-display":"","ast-hfb-below-header-display":"","ast-hfb-mobile-header-display":"","site-post-title":"","ast-breadcrumbs-content":"","ast-featured-img":"","footer-sml-layout":"","ast-disable-related-posts":"","theme-transparent-header-meta":"","adv-header-id-meta":"","stick-header-meta":"","header-above-stick-meta":"","header-main-stick-meta":"","header-below-stick-meta":"","astra-migrate-meta-layouts":"default","ast-page-background-enabled":"default","ast-page-background-meta":{"desktop":{"background-color":"var(--ast-global-color-5)","background-image":"","background-repeat":"repeat","background-position":"center center","background-size":"auto","background-attachment":"scroll","background-type":"","background-media":"","overlay-type":"","overlay-color":"","overlay-opacity":"","overlay-gradient":""},"tablet":{"background-color":"","background-image":"","background-repeat":"repeat","background-position":"center center","background-size":"auto","background-attachment":"scroll","background-type":"","background-media":"","overlay-type":"","overlay-color":"","overlay-opacity":"","overlay-gradient":""},"mobile":{"background-color":"","background-image":"","background-repeat":"repeat","background-position":"center center","background-size":"auto","background-attachment":"scroll","background-type":"","background-media":"","overlay-type":"","overlay-color":"","overlay-opacity":"","overlay-gradient":""}},"ast-content-background-meta":{"desktop":{"background-color":"var(--ast-global-color-4)","background-image":"","background-repeat":"repeat","background-position":"center center","background-size":"auto","background-attachment":"scroll","background-type":"","background-media":"","overlay-type":"","overlay-color":"","overlay-opacity":"","overlay-gradient":""},"tablet":{"background-color":"var(--ast-global-color-4)","background-image":"","background-repeat":"repeat","background-position":"center center","background-size":"auto","background-attachment":"scroll","background-type":"","background-media":"","overlay-type":"","overlay-color":"","overlay-opacity":"","overlay-gradient":""},"mobile":{"background-color":"var(--ast-global-color-4)","background-image":"","background-repeat":"repeat","background-position":"center center","background-size":"auto","background-attachment":"scroll","background-type":"","background-media":"","overlay-type":"","overlay-color":"","overlay-opacity":"","overlay-gradient":""}},"footnotes":""},"class_list":["post-173","page","type-page","status-publish","hentry"],"_links":{"self":[{"href":"https:\/\/neoteca.letras.ufmg.br\/index.php\/wp-json\/wp\/v2\/pages\/173","targetHints":{"allow":["GET"]}}],"collection":[{"href":"https:\/\/neoteca.letras.ufmg.br\/index.php\/wp-json\/wp\/v2\/pages"}],"about":[{"href":"https:\/\/neoteca.letras.ufmg.br\/index.php\/wp-json\/wp\/v2\/types\/page"}],"author":[{"embeddable":true,"href":"https:\/\/neoteca.letras.ufmg.br\/index.php\/wp-json\/wp\/v2\/users\/2"}],"replies":[{"embeddable":true,"href":"https:\/\/neoteca.letras.ufmg.br\/index.php\/wp-json\/wp\/v2\/comments?post=173"}],"version-history":[{"count":6,"href":"https:\/\/neoteca.letras.ufmg.br\/index.php\/wp-json\/wp\/v2\/pages\/173\/revisions"}],"predecessor-version":[{"id":504,"href":"https:\/\/neoteca.letras.ufmg.br\/index.php\/wp-json\/wp\/v2\/pages\/173\/revisions\/504"}],"up":[{"embeddable":true,"href":"https:\/\/neoteca.letras.ufmg.br\/index.php\/wp-json\/wp\/v2\/pages\/136"}],"wp:attachment":[{"href":"https:\/\/neoteca.letras.ufmg.br\/index.php\/wp-json\/wp\/v2\/media?parent=173"}],"curies":[{"name":"wp","href":"https:\/\/api.w.org\/{rel}","templated":true}]}}