{"id":169,"date":"2025-08-06T10:33:18","date_gmt":"2025-08-06T13:33:18","guid":{"rendered":"https:\/\/neoteca.letras.ufmg.br\/?page_id=169"},"modified":"2025-08-08T22:36:12","modified_gmt":"2025-08-09T01:36:12","slug":"recomposicao","status":"publish","type":"page","link":"https:\/\/neoteca.letras.ufmg.br\/index.php\/glossario-de-conceitos\/processos-criativos-de-palavras\/recomposicao\/","title":{"rendered":"Recomposi\u00e7\u00e3o"},"content":{"rendered":"\n<p class=\"has-text-align-left\">\u00c9 um processo em que uma palavra que antes era composta (formada por <a href=\"https:\/\/neoteca.letras.ufmg.br\/index.php\/glossario-de-conceitos\/processos-criativos-de-palavras\/composicao\/\">composi\u00e7\u00e3o<\/a>) \u00e9 encurtada e um <a href=\"https:\/\/neoteca.letras.ufmg.br\/index.php\/glossario-de-conceitos\/radical\/\">radical<\/a> passa a representar sozinho o significado da palavra reduzida.<\/p>\n\n\n\n<p class=\"has-text-align-left\">De forma simples, podemos dizer que a <em>recomposi\u00e7\u00e3o<\/em> \u00e9 como uma \u201cex-composi\u00e7\u00e3o\u201d: uma palavra que j\u00e1 foi composta \u00e9 &#8220;quebrada&#8221; e seu radical passa a ser usado para criar outras palavras relacionadas a essa palavra, n\u00e3o ao significado original do radical. Por exemplo, o&nbsp;<strong><em>tele-<\/em><\/strong>&nbsp;em palavras como&nbsp;<strong><em>tele<\/em><\/strong><em>novela<\/em>,&nbsp;<strong><em>tele<\/em><\/strong><em>jogo<\/em>&nbsp;ou&nbsp;<strong><em>Tele<\/em><\/strong><em>sena<\/em>&nbsp;n\u00e3o significa mais &#8220;\u00e0 dist\u00e2ncia&#8221;, como era no grego. Por recomposi\u00e7\u00e3o,&nbsp;<strong><em>tele-<\/em><\/strong>&nbsp;passou a representar, de forma resumida, a palavra&nbsp;<em>televis\u00e3o<\/em>.<\/p>\n\n\n\n<p class=\"has-text-align-left\">Exemplos:&nbsp;<strong><em>agro-<\/em><\/strong>&nbsp;(de&nbsp;<em><strong>agri<\/strong>cultura<\/em>),&nbsp;<strong><em>eco-<\/em><\/strong>&nbsp;(de&nbsp;<em><strong>eco<\/strong>logia<\/em>),&nbsp;<strong><em>foto-<\/em><\/strong>&nbsp;(de&nbsp;<em><strong>foto<\/strong>grafia<\/em>),&nbsp;<strong><em>petro-<\/em><\/strong>&nbsp;(de&nbsp;<em><strong>petr\u00f3<\/strong>leo<\/em>).<\/p>\n\n\n\n<ul class=\"wp-block-list\">\n<li><a href=\"https:\/\/neoteca.letras.ufmg.br\/index.php\/categorias_neologismos\/recomposicao\/\" data-type=\"categorias_neologismos\" data-id=\"20\">Ver neologismos de recomposi\u00e7\u00e3o<\/a><\/li>\n<\/ul>\n\n\n\n<hr class=\"wp-block-separator has-alpha-channel-opacity\"\/>\n\n\n\n<h5 class=\"wp-block-heading has-text-align-left\"><strong>Refer\u00eancia<\/strong><\/h5>\n\n\n\n<p class=\"has-text-align-left\">FERREIRA, Paulo Ricardo Sousa.&nbsp;<strong>Neologismos e Processos Lexicais Criativos:<\/strong> a Produtividade Lexical sob a \u00d3tica da Lingu\u00edstica Cognitiva e Gerativa. Disserta\u00e7\u00e3o (Mestrado em Lingu\u00edstica) \u2013 Pontif\u00edcia Universidade Cat\u00f3lica de Minas Gerais, Belo Horizonte, 2021. Dispon\u00edvel em: <a href=\"https:\/\/doi.org\/10.6084\/m9.figshare.14485974.v1\">https:\/\/doi.org\/10.6084\/m9.figshare.14485974.v1<\/a>. Acesso em: 15 fev. 2025.<\/p>\n","protected":false},"excerpt":{"rendered":"<p>\u00c9 um processo em que uma palavra que antes era composta (formada por composi\u00e7\u00e3o) \u00e9 encurtada e um radical passa [&hellip;]<\/p>\n","protected":false},"author":2,"featured_media":0,"parent":136,"menu_order":0,"comment_status":"closed","ping_status":"closed","template":"","meta":{"site-sidebar-layout":"default","site-content-layout":"","ast-site-content-layout":"default","site-content-style":"default","site-sidebar-style":"default","ast-global-header-display":"","ast-banner-title-visibility":"","ast-main-header-display":"","ast-hfb-above-header-display":"","ast-hfb-below-header-display":"","ast-hfb-mobile-header-display":"","site-post-title":"","ast-breadcrumbs-content":"","ast-featured-img":"","footer-sml-layout":"","ast-disable-related-posts":"","theme-transparent-header-meta":"","adv-header-id-meta":"","stick-header-meta":"","header-above-stick-meta":"","header-main-stick-meta":"","header-below-stick-meta":"","astra-migrate-meta-layouts":"default","ast-page-background-enabled":"default","ast-page-background-meta":{"desktop":{"background-color":"var(--ast-global-color-5)","background-image":"","background-repeat":"repeat","background-position":"center center","background-size":"auto","background-attachment":"scroll","background-type":"","background-media":"","overlay-type":"","overlay-color":"","overlay-opacity":"","overlay-gradient":""},"tablet":{"background-color":"","background-image":"","background-repeat":"repeat","background-position":"center center","background-size":"auto","background-attachment":"scroll","background-type":"","background-media":"","overlay-type":"","overlay-color":"","overlay-opacity":"","overlay-gradient":""},"mobile":{"background-color":"","background-image":"","background-repeat":"repeat","background-position":"center center","background-size":"auto","background-attachment":"scroll","background-type":"","background-media":"","overlay-type":"","overlay-color":"","overlay-opacity":"","overlay-gradient":""}},"ast-content-background-meta":{"desktop":{"background-color":"var(--ast-global-color-4)","background-image":"","background-repeat":"repeat","background-position":"center center","background-size":"auto","background-attachment":"scroll","background-type":"","background-media":"","overlay-type":"","overlay-color":"","overlay-opacity":"","overlay-gradient":""},"tablet":{"background-color":"var(--ast-global-color-4)","background-image":"","background-repeat":"repeat","background-position":"center center","background-size":"auto","background-attachment":"scroll","background-type":"","background-media":"","overlay-type":"","overlay-color":"","overlay-opacity":"","overlay-gradient":""},"mobile":{"background-color":"var(--ast-global-color-4)","background-image":"","background-repeat":"repeat","background-position":"center center","background-size":"auto","background-attachment":"scroll","background-type":"","background-media":"","overlay-type":"","overlay-color":"","overlay-opacity":"","overlay-gradient":""}},"footnotes":""},"class_list":["post-169","page","type-page","status-publish","hentry"],"_links":{"self":[{"href":"https:\/\/neoteca.letras.ufmg.br\/index.php\/wp-json\/wp\/v2\/pages\/169","targetHints":{"allow":["GET"]}}],"collection":[{"href":"https:\/\/neoteca.letras.ufmg.br\/index.php\/wp-json\/wp\/v2\/pages"}],"about":[{"href":"https:\/\/neoteca.letras.ufmg.br\/index.php\/wp-json\/wp\/v2\/types\/page"}],"author":[{"embeddable":true,"href":"https:\/\/neoteca.letras.ufmg.br\/index.php\/wp-json\/wp\/v2\/users\/2"}],"replies":[{"embeddable":true,"href":"https:\/\/neoteca.letras.ufmg.br\/index.php\/wp-json\/wp\/v2\/comments?post=169"}],"version-history":[{"count":5,"href":"https:\/\/neoteca.letras.ufmg.br\/index.php\/wp-json\/wp\/v2\/pages\/169\/revisions"}],"predecessor-version":[{"id":411,"href":"https:\/\/neoteca.letras.ufmg.br\/index.php\/wp-json\/wp\/v2\/pages\/169\/revisions\/411"}],"up":[{"embeddable":true,"href":"https:\/\/neoteca.letras.ufmg.br\/index.php\/wp-json\/wp\/v2\/pages\/136"}],"wp:attachment":[{"href":"https:\/\/neoteca.letras.ufmg.br\/index.php\/wp-json\/wp\/v2\/media?parent=169"}],"curies":[{"name":"wp","href":"https:\/\/api.w.org\/{rel}","templated":true}]}}