{"id":163,"date":"2025-08-06T10:24:23","date_gmt":"2025-08-06T13:24:23","guid":{"rendered":"https:\/\/neoteca.letras.ufmg.br\/?page_id=163"},"modified":"2025-08-08T22:42:34","modified_gmt":"2025-08-09T01:42:34","slug":"onomatopeia","status":"publish","type":"page","link":"https:\/\/neoteca.letras.ufmg.br\/index.php\/glossario-de-conceitos\/processos-criativos-de-palavras\/onomatopeia\/","title":{"rendered":"Onomatopeia"},"content":{"rendered":"\n<p class=\"has-text-align-left\">As onomatopeias acontecem quando o falante cria uma nova palavra para imitar sons da natureza, de objetos, de animais ou de a\u00e7\u00f5es humanas.<\/p>\n\n\n\n<p class=\"has-text-align-left\">Exemplos:&nbsp;<em>pow<\/em>&nbsp;(som de soco, pancada),&nbsp;<em>toc toc<\/em>&nbsp;(som da batida na porta),&nbsp;<em>chu\u00e1<\/em>&nbsp;(som de \u00e1gua),&nbsp;<em>kkkkk<\/em>&nbsp;(som de risada\/gargalhada).<\/p>\n\n\n\n<p class=\"has-text-align-left\">Algumas onomatopeias servem at\u00e9 de base para a cria\u00e7\u00e3o de verbos, como&nbsp;<em>cacarejar,<\/em>&nbsp;<em>piar<\/em>,&nbsp;<em>miar<\/em>,&nbsp;<em>sussurrar<\/em>&nbsp;e&nbsp;<em>zumbir<\/em>.<\/p>\n\n\n\n<ul class=\"wp-block-list\">\n<li><a href=\"https:\/\/neoteca.letras.ufmg.br\/index.php\/categorias_neologismos\/onomatopeia\/\" data-type=\"categorias_neologismos\" data-id=\"17\">Ver neologismos de onomatopeia<\/a><\/li>\n<\/ul>\n\n\n\n<hr class=\"wp-block-separator has-alpha-channel-opacity\"\/>\n\n\n\n<h5 class=\"wp-block-heading has-text-align-left\"><strong>Refer\u00eancias<\/strong><\/h5>\n\n\n\n<p class=\"has-text-align-left\">CORREIA, Margarita; ALMEIDA, Gladis Maria de Barcellos.&nbsp;<strong>Neologia em portugu\u00eas.<\/strong> S\u00e3o Paulo: Par\u00e1bola Editorial, 2012.<\/p>\n\n\n\n<p class=\"has-text-align-left\">FERREIRA, Paulo Ricardo Sousa.&nbsp;<strong>Neologismos e Processos Lexicais Criativos:<\/strong> a Produtividade Lexical sob a \u00d3tica da Lingu\u00edstica Cognitiva e Gerativa. Disserta\u00e7\u00e3o (Mestrado em Lingu\u00edstica) \u2013 Pontif\u00edcia Universidade Cat\u00f3lica de Minas Gerais, Belo Horizonte, 2021. Dispon\u00edvel em:&nbsp;<a href=\"https:\/\/doi.org\/10.6084\/m9.figshare.14485974.v1\">https:\/\/doi.org\/10.6084\/m9.figshare.14485974.v1<\/a>. Acesso em: 15 fev. 2025.<\/p>\n\n\n\n<p class=\"has-text-align-left\">ROCHA, Luiz Carlos de Assis.&nbsp;<strong>Estruturas morfol\u00f3gicas do portugu\u00eas.<\/strong> Belo Horizonte: Editora UFMG, 1998.<\/p>\n","protected":false},"excerpt":{"rendered":"<p>As onomatopeias acontecem quando o falante cria uma nova palavra para imitar sons da natureza, de objetos, de animais ou [&hellip;]<\/p>\n","protected":false},"author":2,"featured_media":0,"parent":136,"menu_order":0,"comment_status":"closed","ping_status":"closed","template":"","meta":{"site-sidebar-layout":"default","site-content-layout":"","ast-site-content-layout":"default","site-content-style":"default","site-sidebar-style":"default","ast-global-header-display":"","ast-banner-title-visibility":"","ast-main-header-display":"","ast-hfb-above-header-display":"","ast-hfb-below-header-display":"","ast-hfb-mobile-header-display":"","site-post-title":"","ast-breadcrumbs-content":"","ast-featured-img":"","footer-sml-layout":"","ast-disable-related-posts":"","theme-transparent-header-meta":"","adv-header-id-meta":"","stick-header-meta":"","header-above-stick-meta":"","header-main-stick-meta":"","header-below-stick-meta":"","astra-migrate-meta-layouts":"default","ast-page-background-enabled":"default","ast-page-background-meta":{"desktop":{"background-color":"var(--ast-global-color-5)","background-image":"","background-repeat":"repeat","background-position":"center center","background-size":"auto","background-attachment":"scroll","background-type":"","background-media":"","overlay-type":"","overlay-color":"","overlay-opacity":"","overlay-gradient":""},"tablet":{"background-color":"","background-image":"","background-repeat":"repeat","background-position":"center center","background-size":"auto","background-attachment":"scroll","background-type":"","background-media":"","overlay-type":"","overlay-color":"","overlay-opacity":"","overlay-gradient":""},"mobile":{"background-color":"","background-image":"","background-repeat":"repeat","background-position":"center center","background-size":"auto","background-attachment":"scroll","background-type":"","background-media":"","overlay-type":"","overlay-color":"","overlay-opacity":"","overlay-gradient":""}},"ast-content-background-meta":{"desktop":{"background-color":"var(--ast-global-color-4)","background-image":"","background-repeat":"repeat","background-position":"center center","background-size":"auto","background-attachment":"scroll","background-type":"","background-media":"","overlay-type":"","overlay-color":"","overlay-opacity":"","overlay-gradient":""},"tablet":{"background-color":"var(--ast-global-color-4)","background-image":"","background-repeat":"repeat","background-position":"center center","background-size":"auto","background-attachment":"scroll","background-type":"","background-media":"","overlay-type":"","overlay-color":"","overlay-opacity":"","overlay-gradient":""},"mobile":{"background-color":"var(--ast-global-color-4)","background-image":"","background-repeat":"repeat","background-position":"center center","background-size":"auto","background-attachment":"scroll","background-type":"","background-media":"","overlay-type":"","overlay-color":"","overlay-opacity":"","overlay-gradient":""}},"footnotes":""},"class_list":["post-163","page","type-page","status-publish","hentry"],"_links":{"self":[{"href":"https:\/\/neoteca.letras.ufmg.br\/index.php\/wp-json\/wp\/v2\/pages\/163","targetHints":{"allow":["GET"]}}],"collection":[{"href":"https:\/\/neoteca.letras.ufmg.br\/index.php\/wp-json\/wp\/v2\/pages"}],"about":[{"href":"https:\/\/neoteca.letras.ufmg.br\/index.php\/wp-json\/wp\/v2\/types\/page"}],"author":[{"embeddable":true,"href":"https:\/\/neoteca.letras.ufmg.br\/index.php\/wp-json\/wp\/v2\/users\/2"}],"replies":[{"embeddable":true,"href":"https:\/\/neoteca.letras.ufmg.br\/index.php\/wp-json\/wp\/v2\/comments?post=163"}],"version-history":[{"count":4,"href":"https:\/\/neoteca.letras.ufmg.br\/index.php\/wp-json\/wp\/v2\/pages\/163\/revisions"}],"predecessor-version":[{"id":414,"href":"https:\/\/neoteca.letras.ufmg.br\/index.php\/wp-json\/wp\/v2\/pages\/163\/revisions\/414"}],"up":[{"embeddable":true,"href":"https:\/\/neoteca.letras.ufmg.br\/index.php\/wp-json\/wp\/v2\/pages\/136"}],"wp:attachment":[{"href":"https:\/\/neoteca.letras.ufmg.br\/index.php\/wp-json\/wp\/v2\/media?parent=163"}],"curies":[{"name":"wp","href":"https:\/\/api.w.org\/{rel}","templated":true}]}}