{"id":161,"date":"2025-08-06T10:22:07","date_gmt":"2025-08-06T13:22:07","guid":{"rendered":"https:\/\/neoteca.letras.ufmg.br\/?page_id=161"},"modified":"2025-08-08T22:46:01","modified_gmt":"2025-08-09T01:46:01","slug":"hapax-legomenon","status":"publish","type":"page","link":"https:\/\/neoteca.letras.ufmg.br\/index.php\/glossario-de-conceitos\/processos-criativos-de-palavras\/hapax-legomenon\/","title":{"rendered":"Hapax legomenon"},"content":{"rendered":"\n<p class=\"has-text-align-left\">Do grego,&nbsp;<em>hapax legomenon<\/em>&nbsp;significa \u201cdito uma s\u00f3 vez\u201d e se trata exatamente disso: palavras criativas que s\u00e3o utilizadas apenas uma vez, em um contexto muito espec\u00edfico, como na Literatura ou na Publicidade. Os&nbsp;<em>hapaces<\/em>&nbsp;podem at\u00e9 se tornar conhecidos, mas n\u00e3o se espalham e ficam estritamente ligados ao contexto em que foram criados.<\/p>\n\n\n\n<p class=\"has-text-align-left\">Exemplos:&nbsp;<em>enxadachim<\/em>&nbsp;(do livro \u201cPrimeiras Est\u00f3rias\u201d, de Jo\u00e3o Guimar\u00e3es Rosa),&nbsp;<em>chuvadeira<\/em>&nbsp;(do poema \u201cCaso Pluvioso\u201d, de Carlos Drummond de Andrade).<\/p>\n\n\n\n<ul class=\"wp-block-list\">\n<li><a href=\"https:\/\/neoteca.letras.ufmg.br\/index.php\/categorias_neologismos\/hapax_legomenon\/\" data-type=\"categorias_neologismos\" data-id=\"16\">Ver neologismos de <em>hapax legomenon<\/em><\/a><\/li>\n<\/ul>\n\n\n\n<h5 class=\"wp-block-heading has-text-align-left\"><strong>Refer\u00eancia<\/strong><\/h5>\n\n\n\n<p class=\"has-text-align-left\">GON\u00c7ALVES, Carlos Alexandre.&nbsp;<strong>Atuais tend\u00eancias em forma\u00e7\u00e3o de palavras.<\/strong> S\u00e3o Paulo: Contexto, 2016.<\/p>\n","protected":false},"excerpt":{"rendered":"<p>Do grego,&nbsp;hapax legomenon&nbsp;significa \u201cdito uma s\u00f3 vez\u201d e se trata exatamente disso: palavras criativas que s\u00e3o utilizadas apenas uma vez, [&hellip;]<\/p>\n","protected":false},"author":2,"featured_media":0,"parent":136,"menu_order":0,"comment_status":"closed","ping_status":"closed","template":"","meta":{"site-sidebar-layout":"default","site-content-layout":"","ast-site-content-layout":"default","site-content-style":"default","site-sidebar-style":"default","ast-global-header-display":"","ast-banner-title-visibility":"","ast-main-header-display":"","ast-hfb-above-header-display":"","ast-hfb-below-header-display":"","ast-hfb-mobile-header-display":"","site-post-title":"","ast-breadcrumbs-content":"","ast-featured-img":"","footer-sml-layout":"","ast-disable-related-posts":"","theme-transparent-header-meta":"","adv-header-id-meta":"","stick-header-meta":"","header-above-stick-meta":"","header-main-stick-meta":"","header-below-stick-meta":"","astra-migrate-meta-layouts":"default","ast-page-background-enabled":"default","ast-page-background-meta":{"desktop":{"background-color":"var(--ast-global-color-5)","background-image":"","background-repeat":"repeat","background-position":"center center","background-size":"auto","background-attachment":"scroll","background-type":"","background-media":"","overlay-type":"","overlay-color":"","overlay-opacity":"","overlay-gradient":""},"tablet":{"background-color":"","background-image":"","background-repeat":"repeat","background-position":"center center","background-size":"auto","background-attachment":"scroll","background-type":"","background-media":"","overlay-type":"","overlay-color":"","overlay-opacity":"","overlay-gradient":""},"mobile":{"background-color":"","background-image":"","background-repeat":"repeat","background-position":"center center","background-size":"auto","background-attachment":"scroll","background-type":"","background-media":"","overlay-type":"","overlay-color":"","overlay-opacity":"","overlay-gradient":""}},"ast-content-background-meta":{"desktop":{"background-color":"var(--ast-global-color-4)","background-image":"","background-repeat":"repeat","background-position":"center center","background-size":"auto","background-attachment":"scroll","background-type":"","background-media":"","overlay-type":"","overlay-color":"","overlay-opacity":"","overlay-gradient":""},"tablet":{"background-color":"var(--ast-global-color-4)","background-image":"","background-repeat":"repeat","background-position":"center center","background-size":"auto","background-attachment":"scroll","background-type":"","background-media":"","overlay-type":"","overlay-color":"","overlay-opacity":"","overlay-gradient":""},"mobile":{"background-color":"var(--ast-global-color-4)","background-image":"","background-repeat":"repeat","background-position":"center center","background-size":"auto","background-attachment":"scroll","background-type":"","background-media":"","overlay-type":"","overlay-color":"","overlay-opacity":"","overlay-gradient":""}},"footnotes":""},"class_list":["post-161","page","type-page","status-publish","hentry"],"_links":{"self":[{"href":"https:\/\/neoteca.letras.ufmg.br\/index.php\/wp-json\/wp\/v2\/pages\/161","targetHints":{"allow":["GET"]}}],"collection":[{"href":"https:\/\/neoteca.letras.ufmg.br\/index.php\/wp-json\/wp\/v2\/pages"}],"about":[{"href":"https:\/\/neoteca.letras.ufmg.br\/index.php\/wp-json\/wp\/v2\/types\/page"}],"author":[{"embeddable":true,"href":"https:\/\/neoteca.letras.ufmg.br\/index.php\/wp-json\/wp\/v2\/users\/2"}],"replies":[{"embeddable":true,"href":"https:\/\/neoteca.letras.ufmg.br\/index.php\/wp-json\/wp\/v2\/comments?post=161"}],"version-history":[{"count":4,"href":"https:\/\/neoteca.letras.ufmg.br\/index.php\/wp-json\/wp\/v2\/pages\/161\/revisions"}],"predecessor-version":[{"id":415,"href":"https:\/\/neoteca.letras.ufmg.br\/index.php\/wp-json\/wp\/v2\/pages\/161\/revisions\/415"}],"up":[{"embeddable":true,"href":"https:\/\/neoteca.letras.ufmg.br\/index.php\/wp-json\/wp\/v2\/pages\/136"}],"wp:attachment":[{"href":"https:\/\/neoteca.letras.ufmg.br\/index.php\/wp-json\/wp\/v2\/media?parent=161"}],"curies":[{"name":"wp","href":"https:\/\/api.w.org\/{rel}","templated":true}]}}