{"id":159,"date":"2025-08-06T10:20:09","date_gmt":"2025-08-06T13:20:09","guid":{"rendered":"https:\/\/neoteca.letras.ufmg.br\/?page_id=159"},"modified":"2025-08-08T22:55:00","modified_gmt":"2025-08-09T01:55:00","slug":"formacao-por-splinter","status":"publish","type":"page","link":"https:\/\/neoteca.letras.ufmg.br\/index.php\/glossario-de-conceitos\/processos-criativos-de-palavras\/formacao-por-splinter\/","title":{"rendered":"Forma\u00e7\u00e3o por splinter"},"content":{"rendered":"\n<p class=\"has-text-align-left\">Um&nbsp;<em>splinter<\/em>&nbsp;\u00e9 um fragmento de palavra, um peda\u00e7o mesmo, que passa a funcionar como se fosse um <a href=\"https:\/\/neoteca.letras.ufmg.br\/index.php\/glossario-de-conceitos\/afixo\/\">afixo<\/a>, tornando-se produtivo. No processo de forma\u00e7\u00e3o por&nbsp;<em>splinter<\/em>, reinterpretamos esse peda\u00e7o de palavra para criar outras palavras de significado associado. \u00c9 o que acontece com a palavra&nbsp;<em>sertanejo<\/em>&nbsp;(nome do g\u00eanero musical): popularmente, t\u00eam-se usado o <em>splinter<\/em>&nbsp;<strong><em>-nejo<\/em>&nbsp;<\/strong>para se nomear diversos g\u00eaneros musicais que misturam o sertanejo e outro ritmo, como&nbsp;<em>funk<\/em><strong><em>nejo<\/em><\/strong>,&nbsp;<em>pago<\/em><strong><em>nejo<\/em><\/strong>,&nbsp;<em>samba<\/em><strong><em>nejo<\/em><\/strong>,&nbsp;<em>pop<\/em><strong><em>nejo<\/em><\/strong>&nbsp;e at\u00e9&nbsp;<em>rock<\/em><strong><em>nejo<\/em><\/strong>.<\/p>\n\n\n\n<p class=\"has-text-align-left\">O&nbsp;<em>splinter<\/em>&nbsp;pode ser de palavras de nossa pr\u00f3pria l\u00edngua (<em>splinter<\/em>&nbsp;nativo) ou de estrangeirismos (xenoconstituinte), como&nbsp;<strong><em>ciber-<\/em><\/strong>&nbsp;(de&nbsp;<em>cybernetics<\/em>) e<strong>&nbsp;<em>wiki-<\/em><\/strong>&nbsp;(de&nbsp;<em>Wikip\u00e9dia<\/em>).<\/p>\n\n\n\n<p class=\"has-text-align-left\">Outros exemplos:&nbsp;<em>X-<\/em><strong><em>burguer<\/em><\/strong>,&nbsp;<em>fran<\/em><strong><em>burguer<\/em><\/strong>,&nbsp;<em>egg<\/em><strong><em>burguer<\/em><\/strong>&nbsp;(<strong><em>-burguer<\/em><\/strong>&nbsp;de <em>ham<strong>burguer<\/strong><\/em>);&nbsp;<em>Not\u00edcia<\/em><strong><em>cast<\/em><\/strong>,&nbsp;<em>Esporte<\/em><strong><em>cast<\/em><\/strong>,&nbsp;<em>Culin\u00e1ria<\/em><strong><em>cast<\/em><\/strong>&nbsp;(<strong><em>-cast<\/em><\/strong>&nbsp;de <em>Pod<strong>cast<\/strong><\/em>).<\/p>\n\n\n\n<ul class=\"wp-block-list\">\n<li><a href=\"https:\/\/neoteca.letras.ufmg.br\/index.php\/categorias_neologismos\/formacao_splinter\/\" data-type=\"categorias_neologismos\" data-id=\"15\">Ver neologismos de forma\u00e7\u00e3o por <em>splinter<\/em><\/a><\/li>\n<\/ul>\n\n\n\n<hr class=\"wp-block-separator has-alpha-channel-opacity\"\/>\n\n\n\n<h5 class=\"wp-block-heading has-text-align-left\"><strong>Refer\u00eancia<\/strong><\/h5>\n\n\n\n<p class=\"has-text-align-left\">GON\u00c7ALVES, Carlos Alexandre.&nbsp;<strong>Atuais tend\u00eancias em forma\u00e7\u00e3o de palavras.<\/strong> S\u00e3o Paulo: Contexto, 2016.<\/p>\n","protected":false},"excerpt":{"rendered":"<p>Um&nbsp;splinter&nbsp;\u00e9 um fragmento de palavra, um peda\u00e7o mesmo, que passa a funcionar como se fosse um afixo, tornando-se produtivo. No [&hellip;]<\/p>\n","protected":false},"author":2,"featured_media":0,"parent":136,"menu_order":0,"comment_status":"closed","ping_status":"closed","template":"","meta":{"site-sidebar-layout":"default","site-content-layout":"","ast-site-content-layout":"default","site-content-style":"default","site-sidebar-style":"default","ast-global-header-display":"","ast-banner-title-visibility":"","ast-main-header-display":"","ast-hfb-above-header-display":"","ast-hfb-below-header-display":"","ast-hfb-mobile-header-display":"","site-post-title":"","ast-breadcrumbs-content":"","ast-featured-img":"","footer-sml-layout":"","ast-disable-related-posts":"","theme-transparent-header-meta":"","adv-header-id-meta":"","stick-header-meta":"","header-above-stick-meta":"","header-main-stick-meta":"","header-below-stick-meta":"","astra-migrate-meta-layouts":"default","ast-page-background-enabled":"default","ast-page-background-meta":{"desktop":{"background-color":"var(--ast-global-color-5)","background-image":"","background-repeat":"repeat","background-position":"center center","background-size":"auto","background-attachment":"scroll","background-type":"","background-media":"","overlay-type":"","overlay-color":"","overlay-opacity":"","overlay-gradient":""},"tablet":{"background-color":"","background-image":"","background-repeat":"repeat","background-position":"center center","background-size":"auto","background-attachment":"scroll","background-type":"","background-media":"","overlay-type":"","overlay-color":"","overlay-opacity":"","overlay-gradient":""},"mobile":{"background-color":"","background-image":"","background-repeat":"repeat","background-position":"center center","background-size":"auto","background-attachment":"scroll","background-type":"","background-media":"","overlay-type":"","overlay-color":"","overlay-opacity":"","overlay-gradient":""}},"ast-content-background-meta":{"desktop":{"background-color":"var(--ast-global-color-4)","background-image":"","background-repeat":"repeat","background-position":"center center","background-size":"auto","background-attachment":"scroll","background-type":"","background-media":"","overlay-type":"","overlay-color":"","overlay-opacity":"","overlay-gradient":""},"tablet":{"background-color":"var(--ast-global-color-4)","background-image":"","background-repeat":"repeat","background-position":"center center","background-size":"auto","background-attachment":"scroll","background-type":"","background-media":"","overlay-type":"","overlay-color":"","overlay-opacity":"","overlay-gradient":""},"mobile":{"background-color":"var(--ast-global-color-4)","background-image":"","background-repeat":"repeat","background-position":"center center","background-size":"auto","background-attachment":"scroll","background-type":"","background-media":"","overlay-type":"","overlay-color":"","overlay-opacity":"","overlay-gradient":""}},"footnotes":""},"class_list":["post-159","page","type-page","status-publish","hentry"],"_links":{"self":[{"href":"https:\/\/neoteca.letras.ufmg.br\/index.php\/wp-json\/wp\/v2\/pages\/159","targetHints":{"allow":["GET"]}}],"collection":[{"href":"https:\/\/neoteca.letras.ufmg.br\/index.php\/wp-json\/wp\/v2\/pages"}],"about":[{"href":"https:\/\/neoteca.letras.ufmg.br\/index.php\/wp-json\/wp\/v2\/types\/page"}],"author":[{"embeddable":true,"href":"https:\/\/neoteca.letras.ufmg.br\/index.php\/wp-json\/wp\/v2\/users\/2"}],"replies":[{"embeddable":true,"href":"https:\/\/neoteca.letras.ufmg.br\/index.php\/wp-json\/wp\/v2\/comments?post=159"}],"version-history":[{"count":4,"href":"https:\/\/neoteca.letras.ufmg.br\/index.php\/wp-json\/wp\/v2\/pages\/159\/revisions"}],"predecessor-version":[{"id":417,"href":"https:\/\/neoteca.letras.ufmg.br\/index.php\/wp-json\/wp\/v2\/pages\/159\/revisions\/417"}],"up":[{"embeddable":true,"href":"https:\/\/neoteca.letras.ufmg.br\/index.php\/wp-json\/wp\/v2\/pages\/136"}],"wp:attachment":[{"href":"https:\/\/neoteca.letras.ufmg.br\/index.php\/wp-json\/wp\/v2\/media?parent=159"}],"curies":[{"name":"wp","href":"https:\/\/api.w.org\/{rel}","templated":true}]}}