{"id":157,"date":"2025-08-06T10:16:55","date_gmt":"2025-08-06T13:16:55","guid":{"rendered":"https:\/\/neoteca.letras.ufmg.br\/?page_id=157"},"modified":"2025-10-10T09:39:38","modified_gmt":"2025-10-10T12:39:38","slug":"extensao-semantica","status":"publish","type":"page","link":"https:\/\/neoteca.letras.ufmg.br\/index.php\/glossario-de-conceitos\/processos-criativos-de-palavras\/extensao-semantica\/","title":{"rendered":"Extens\u00e3o sem\u00e2ntica"},"content":{"rendered":"\n<p class=\"has-text-align-left\">Um dos tr\u00eas principais <a href=\"https:\/\/neoteca.letras.ufmg.br\/index.php\/o-que-e-neologismo\/\">tipos de neologismos<\/a> s\u00e3o os&nbsp;<em>neologismos sem\u00e2nticos<\/em>, em que expressamos um novo significado a partir de uma forma de palavra j\u00e1 existente na l\u00edngua. Isso acontece por meio do processo de <em>extens\u00e3o sem\u00e2ntica<\/em>, isto \u00e9, de extens\u00e3o dos significados poss\u00edveis para aquela palavra. Nesse processo, inclu\u00edmos em determinada forma de palavra novos significados que resultam de met\u00e1foras, meton\u00edmias e outros processos cognitivos.<\/p>\n\n\n\n<p class=\"has-text-align-left\">Exemplos:&nbsp;<em>cancelar<\/em>&nbsp;(desprestigiar uma pessoa por suas falas e comportamento&nbsp;na m\u00eddia),&nbsp;<em>nuvem&nbsp;<\/em>(armazenamento&nbsp;<em>online<\/em>&nbsp;de dados),&nbsp;<em>viral<\/em>&nbsp;(publica\u00e7\u00e3o que se espalhou rapidamente pela <em>internet<\/em>),&nbsp;<em>janela&nbsp;<\/em>(\u00e1rea de visualiza\u00e7\u00e3o em sistemas operacionais digitais).<\/p>\n\n\n\n<ul class=\"wp-block-list\">\n<li><a href=\"https:\/\/neoteca.letras.ufmg.br\/index.php\/categorias_neologismos\/extensao_semantica\/\" data-type=\"categorias_neologismos\" data-id=\"13\">Ver neologismos de extens\u00e3o sem\u00e2ntica<\/a><\/li>\n<\/ul>\n\n\n\n<hr class=\"wp-block-separator has-alpha-channel-opacity\"\/>\n\n\n\n<h5 class=\"wp-block-heading has-text-align-left\"><strong><strong>Refer\u00eancia<\/strong><\/strong><\/h5>\n\n\n\n<p class=\"has-text-align-left\">CORREIA, Margarita; ALMEIDA, Gladis Maria de Barcellos.&nbsp;<strong>Neologia em portugu\u00eas.<\/strong> S\u00e3o Paulo: Par\u00e1bola Editorial, 2012.<\/p>\n","protected":false},"excerpt":{"rendered":"<p>Um dos tr\u00eas principais tipos de neologismos s\u00e3o os&nbsp;neologismos sem\u00e2nticos, em que expressamos um novo significado a partir de uma [&hellip;]<\/p>\n","protected":false},"author":2,"featured_media":0,"parent":136,"menu_order":0,"comment_status":"closed","ping_status":"closed","template":"","meta":{"site-sidebar-layout":"default","site-content-layout":"","ast-site-content-layout":"default","site-content-style":"default","site-sidebar-style":"default","ast-global-header-display":"","ast-banner-title-visibility":"","ast-main-header-display":"","ast-hfb-above-header-display":"","ast-hfb-below-header-display":"","ast-hfb-mobile-header-display":"","site-post-title":"","ast-breadcrumbs-content":"","ast-featured-img":"","footer-sml-layout":"","ast-disable-related-posts":"","theme-transparent-header-meta":"","adv-header-id-meta":"","stick-header-meta":"","header-above-stick-meta":"","header-main-stick-meta":"","header-below-stick-meta":"","astra-migrate-meta-layouts":"default","ast-page-background-enabled":"default","ast-page-background-meta":{"desktop":{"background-color":"var(--ast-global-color-5)","background-image":"","background-repeat":"repeat","background-position":"center center","background-size":"auto","background-attachment":"scroll","background-type":"","background-media":"","overlay-type":"","overlay-color":"","overlay-opacity":"","overlay-gradient":""},"tablet":{"background-color":"","background-image":"","background-repeat":"repeat","background-position":"center center","background-size":"auto","background-attachment":"scroll","background-type":"","background-media":"","overlay-type":"","overlay-color":"","overlay-opacity":"","overlay-gradient":""},"mobile":{"background-color":"","background-image":"","background-repeat":"repeat","background-position":"center center","background-size":"auto","background-attachment":"scroll","background-type":"","background-media":"","overlay-type":"","overlay-color":"","overlay-opacity":"","overlay-gradient":""}},"ast-content-background-meta":{"desktop":{"background-color":"var(--ast-global-color-4)","background-image":"","background-repeat":"repeat","background-position":"center center","background-size":"auto","background-attachment":"scroll","background-type":"","background-media":"","overlay-type":"","overlay-color":"","overlay-opacity":"","overlay-gradient":""},"tablet":{"background-color":"var(--ast-global-color-4)","background-image":"","background-repeat":"repeat","background-position":"center center","background-size":"auto","background-attachment":"scroll","background-type":"","background-media":"","overlay-type":"","overlay-color":"","overlay-opacity":"","overlay-gradient":""},"mobile":{"background-color":"var(--ast-global-color-4)","background-image":"","background-repeat":"repeat","background-position":"center center","background-size":"auto","background-attachment":"scroll","background-type":"","background-media":"","overlay-type":"","overlay-color":"","overlay-opacity":"","overlay-gradient":""}},"footnotes":""},"class_list":["post-157","page","type-page","status-publish","hentry"],"_links":{"self":[{"href":"https:\/\/neoteca.letras.ufmg.br\/index.php\/wp-json\/wp\/v2\/pages\/157","targetHints":{"allow":["GET"]}}],"collection":[{"href":"https:\/\/neoteca.letras.ufmg.br\/index.php\/wp-json\/wp\/v2\/pages"}],"about":[{"href":"https:\/\/neoteca.letras.ufmg.br\/index.php\/wp-json\/wp\/v2\/types\/page"}],"author":[{"embeddable":true,"href":"https:\/\/neoteca.letras.ufmg.br\/index.php\/wp-json\/wp\/v2\/users\/2"}],"replies":[{"embeddable":true,"href":"https:\/\/neoteca.letras.ufmg.br\/index.php\/wp-json\/wp\/v2\/comments?post=157"}],"version-history":[{"count":5,"href":"https:\/\/neoteca.letras.ufmg.br\/index.php\/wp-json\/wp\/v2\/pages\/157\/revisions"}],"predecessor-version":[{"id":1033,"href":"https:\/\/neoteca.letras.ufmg.br\/index.php\/wp-json\/wp\/v2\/pages\/157\/revisions\/1033"}],"up":[{"embeddable":true,"href":"https:\/\/neoteca.letras.ufmg.br\/index.php\/wp-json\/wp\/v2\/pages\/136"}],"wp:attachment":[{"href":"https:\/\/neoteca.letras.ufmg.br\/index.php\/wp-json\/wp\/v2\/media?parent=157"}],"curies":[{"name":"wp","href":"https:\/\/api.w.org\/{rel}","templated":true}]}}