{"id":155,"date":"2025-08-06T10:14:27","date_gmt":"2025-08-06T13:14:27","guid":{"rendered":"https:\/\/neoteca.letras.ufmg.br\/?page_id=155"},"modified":"2025-09-15T14:44:57","modified_gmt":"2025-09-15T17:44:57","slug":"ex-nihilo","status":"publish","type":"page","link":"https:\/\/neoteca.letras.ufmg.br\/index.php\/glossario-de-conceitos\/processos-criativos-de-palavras\/ex-nihilo\/","title":{"rendered":"Ex-nihilo"},"content":{"rendered":"\n<p class=\"has-text-align-left\">Acontece quando uma palavra nova parece surgir do nada, sem vir de outras palavras ou processos. Os linguistas dizem que essas palavras n\u00e3o t\u00eam nenhuma explica\u00e7\u00e3o clara e&nbsp;que esse tipo de cria\u00e7\u00e3o \u00e9 muito raro, porque \u00e9 dif\u00edcil imaginar uma palavra sem nenhuma origem.<\/p>\n\n\n\n<p class=\"has-text-align-left\">Exemplos:&nbsp;<em>tcham<\/em>,&nbsp;<em>escambau<\/em>,&nbsp;<em>g\u00e1s<\/em>,&nbsp;<em>Kodak<\/em>,&nbsp;<em>baranga<\/em>,&nbsp;<em>mocreia<\/em>&nbsp;e&nbsp;<em>catilanga<\/em>.<\/p>\n\n\n\n<p class=\"has-text-align-left\">Segundo Gon\u00e7alves (2016), o que parece ter surgido do nada (uma \u201cobra do acaso\u201d) pode, na verdade, ter uma origem que a gente n\u00e3o conhece. Por isso, alguns estudiosos acham que o&nbsp;<em>ex-nihilo<\/em>&nbsp;n\u00e3o \u00e9 um processo verdadeiro, mas, sim, um caso em que a origem da palavra se perdeu ou n\u00e3o \u00e9 f\u00e1cil de resgatar.<\/p>\n\n\n\n<ul class=\"wp-block-list\">\n<li><a href=\"https:\/\/neoteca.letras.ufmg.br\/index.php\/categorias_neologismos\/ex-nihilo\/\" data-type=\"categorias_neologismos\" data-id=\"12\">Ver neologismos de <em>ex-nihilo<\/em><\/a><\/li>\n<\/ul>\n\n\n\n<hr class=\"wp-block-separator has-alpha-channel-opacity\"\/>\n\n\n\n<h5 class=\"wp-block-heading has-text-align-left\"><strong>Refer\u00eancias<\/strong><\/h5>\n\n\n\n<p class=\"has-text-align-left\">CORREIA, Margarita; ALMEIDA, Gladis Maria de Barcellos.&nbsp;<strong>Neologia em portugu\u00eas.<\/strong> S\u00e3o Paulo: Par\u00e1bola Editorial, 2012.<\/p>\n\n\n\n<p class=\"has-text-align-left\">FERREIRA, Paulo Ricardo Sousa.&nbsp;<strong>Neologismos e Processos Lexicais Criativos:<\/strong> a Produtividade Lexical sob a \u00d3tica da Lingu\u00edstica Cognitiva e Gerativa. Disserta\u00e7\u00e3o (Mestrado em Lingu\u00edstica) \u2013 Pontif\u00edcia Universidade Cat\u00f3lica de Minas Gerais, Belo Horizonte, 2021. Dispon\u00edvel em:&nbsp;<a href=\"https:\/\/doi.org\/10.6084\/m9.figshare.14485974.v1\">https:\/\/doi.org\/10.6084\/m9.figshare.14485974.v1<\/a>. Acesso em: 15 fev. 2025.<\/p>\n\n\n\n<p class=\"has-text-align-left\">GON\u00c7ALVES, Carlos Alexandre.&nbsp;<strong>Atuais tend\u00eancias em forma\u00e7\u00e3o de palavras.<\/strong> S\u00e3o Paulo: Contexto, 2016.<\/p>\n\n\n\n<p>ROCHA, Luiz Carlos de Assis.\u00a0<strong>Estruturas morfol\u00f3gicas do portugu\u00eas.<\/strong> Belo Horizonte: Editora UFMG, 1998.<\/p>\n","protected":false},"excerpt":{"rendered":"<p>Acontece quando uma palavra nova parece surgir do nada, sem vir de outras palavras ou processos. Os linguistas dizem que [&hellip;]<\/p>\n","protected":false},"author":2,"featured_media":0,"parent":136,"menu_order":0,"comment_status":"closed","ping_status":"closed","template":"","meta":{"site-sidebar-layout":"default","site-content-layout":"","ast-site-content-layout":"default","site-content-style":"default","site-sidebar-style":"default","ast-global-header-display":"","ast-banner-title-visibility":"","ast-main-header-display":"","ast-hfb-above-header-display":"","ast-hfb-below-header-display":"","ast-hfb-mobile-header-display":"","site-post-title":"","ast-breadcrumbs-content":"","ast-featured-img":"","footer-sml-layout":"","ast-disable-related-posts":"","theme-transparent-header-meta":"","adv-header-id-meta":"","stick-header-meta":"","header-above-stick-meta":"","header-main-stick-meta":"","header-below-stick-meta":"","astra-migrate-meta-layouts":"default","ast-page-background-enabled":"default","ast-page-background-meta":{"desktop":{"background-color":"var(--ast-global-color-5)","background-image":"","background-repeat":"repeat","background-position":"center center","background-size":"auto","background-attachment":"scroll","background-type":"","background-media":"","overlay-type":"","overlay-color":"","overlay-opacity":"","overlay-gradient":""},"tablet":{"background-color":"","background-image":"","background-repeat":"repeat","background-position":"center center","background-size":"auto","background-attachment":"scroll","background-type":"","background-media":"","overlay-type":"","overlay-color":"","overlay-opacity":"","overlay-gradient":""},"mobile":{"background-color":"","background-image":"","background-repeat":"repeat","background-position":"center center","background-size":"auto","background-attachment":"scroll","background-type":"","background-media":"","overlay-type":"","overlay-color":"","overlay-opacity":"","overlay-gradient":""}},"ast-content-background-meta":{"desktop":{"background-color":"var(--ast-global-color-4)","background-image":"","background-repeat":"repeat","background-position":"center center","background-size":"auto","background-attachment":"scroll","background-type":"","background-media":"","overlay-type":"","overlay-color":"","overlay-opacity":"","overlay-gradient":""},"tablet":{"background-color":"var(--ast-global-color-4)","background-image":"","background-repeat":"repeat","background-position":"center center","background-size":"auto","background-attachment":"scroll","background-type":"","background-media":"","overlay-type":"","overlay-color":"","overlay-opacity":"","overlay-gradient":""},"mobile":{"background-color":"var(--ast-global-color-4)","background-image":"","background-repeat":"repeat","background-position":"center center","background-size":"auto","background-attachment":"scroll","background-type":"","background-media":"","overlay-type":"","overlay-color":"","overlay-opacity":"","overlay-gradient":""}},"footnotes":""},"class_list":["post-155","page","type-page","status-publish","hentry"],"_links":{"self":[{"href":"https:\/\/neoteca.letras.ufmg.br\/index.php\/wp-json\/wp\/v2\/pages\/155","targetHints":{"allow":["GET"]}}],"collection":[{"href":"https:\/\/neoteca.letras.ufmg.br\/index.php\/wp-json\/wp\/v2\/pages"}],"about":[{"href":"https:\/\/neoteca.letras.ufmg.br\/index.php\/wp-json\/wp\/v2\/types\/page"}],"author":[{"embeddable":true,"href":"https:\/\/neoteca.letras.ufmg.br\/index.php\/wp-json\/wp\/v2\/users\/2"}],"replies":[{"embeddable":true,"href":"https:\/\/neoteca.letras.ufmg.br\/index.php\/wp-json\/wp\/v2\/comments?post=155"}],"version-history":[{"count":5,"href":"https:\/\/neoteca.letras.ufmg.br\/index.php\/wp-json\/wp\/v2\/pages\/155\/revisions"}],"predecessor-version":[{"id":754,"href":"https:\/\/neoteca.letras.ufmg.br\/index.php\/wp-json\/wp\/v2\/pages\/155\/revisions\/754"}],"up":[{"embeddable":true,"href":"https:\/\/neoteca.letras.ufmg.br\/index.php\/wp-json\/wp\/v2\/pages\/136"}],"wp:attachment":[{"href":"https:\/\/neoteca.letras.ufmg.br\/index.php\/wp-json\/wp\/v2\/media?parent=155"}],"curies":[{"name":"wp","href":"https:\/\/api.w.org\/{rel}","templated":true}]}}