{"id":147,"date":"2025-08-06T10:05:16","date_gmt":"2025-08-06T13:05:16","guid":{"rendered":"https:\/\/neoteca.letras.ufmg.br\/?page_id=147"},"modified":"2025-08-08T23:01:17","modified_gmt":"2025-08-09T02:01:17","slug":"derivacao-regressiva","status":"publish","type":"page","link":"https:\/\/neoteca.letras.ufmg.br\/index.php\/glossario-de-conceitos\/processos-criativos-de-palavras\/derivacao-regressiva\/","title":{"rendered":"Deriva\u00e7\u00e3o regressiva"},"content":{"rendered":"\n<p class=\"has-text-align-left\">\u00c9 o processo de forma\u00e7\u00e3o de palavras em que se retira uma parte da palavra para formar uma nova palavra. Basicamente \u00e9 a palavra que perde um peda\u00e7o (geralmente um <a href=\"https:\/\/neoteca.letras.ufmg.br\/index.php\/glossario-de-conceitos\/afixo\/\">sufixo<\/a>) para ser usada como outra palavra.<\/p>\n\n\n\n<p class=\"has-text-align-left\">Exemplos:&nbsp;<em>ajud<strong>ar<\/strong>\/ajuda<\/em>&nbsp;e&nbsp;<em>compr<strong>ar<\/strong>\/compra<\/em> (<em>ajuda<\/em>&nbsp;e&nbsp;<em>compra<\/em>&nbsp;perdem o sufixo&nbsp;<strong><em>-ar<\/em><\/strong>&nbsp;para serem usados como&nbsp; substantivos).<\/p>\n\n\n\n<ul class=\"wp-block-list\">\n<li><a href=\"https:\/\/neoteca.letras.ufmg.br\/index.php\/categorias_neologismos\/derivacao_regressiva\/\" data-type=\"categorias_neologismos\" data-id=\"10\">Ver neologismos de deriva\u00e7\u00e3o regressiva<\/a><\/li>\n<\/ul>\n\n\n\n<hr class=\"wp-block-separator has-alpha-channel-opacity\"\/>\n\n\n\n<h5 class=\"wp-block-heading has-text-align-left\"><strong>Refer\u00eancia<\/strong><\/h5>\n\n\n\n<p class=\"has-text-align-left\">FERREIRA, Paulo Ricardo Sousa.&nbsp;<strong>Neologismos e Processos Lexicais Criativos:<\/strong> a Produtividade Lexical sob a \u00d3tica da Lingu\u00edstica Cognitiva e Gerativa. Disserta\u00e7\u00e3o (Mestrado em Lingu\u00edstica) \u2013 Pontif\u00edcia Universidade Cat\u00f3lica de Minas Gerais, Belo Horizonte, 2021. Dispon\u00edvel em: <a href=\"https:\/\/doi.org\/10.6084\/m9.figshare.14485974.v1\">https:\/\/doi.org\/10.6084\/m9.figshare.14485974.v1<\/a>. Acesso em: 15 fev. 2025.<\/p>\n","protected":false},"excerpt":{"rendered":"<p>\u00c9 o processo de forma\u00e7\u00e3o de palavras em que se retira uma parte da palavra para formar uma nova palavra. [&hellip;]<\/p>\n","protected":false},"author":2,"featured_media":0,"parent":136,"menu_order":0,"comment_status":"closed","ping_status":"closed","template":"","meta":{"site-sidebar-layout":"default","site-content-layout":"","ast-site-content-layout":"default","site-content-style":"default","site-sidebar-style":"default","ast-global-header-display":"","ast-banner-title-visibility":"","ast-main-header-display":"","ast-hfb-above-header-display":"","ast-hfb-below-header-display":"","ast-hfb-mobile-header-display":"","site-post-title":"","ast-breadcrumbs-content":"","ast-featured-img":"","footer-sml-layout":"","ast-disable-related-posts":"","theme-transparent-header-meta":"","adv-header-id-meta":"","stick-header-meta":"","header-above-stick-meta":"","header-main-stick-meta":"","header-below-stick-meta":"","astra-migrate-meta-layouts":"default","ast-page-background-enabled":"default","ast-page-background-meta":{"desktop":{"background-color":"var(--ast-global-color-5)","background-image":"","background-repeat":"repeat","background-position":"center center","background-size":"auto","background-attachment":"scroll","background-type":"","background-media":"","overlay-type":"","overlay-color":"","overlay-opacity":"","overlay-gradient":""},"tablet":{"background-color":"","background-image":"","background-repeat":"repeat","background-position":"center center","background-size":"auto","background-attachment":"scroll","background-type":"","background-media":"","overlay-type":"","overlay-color":"","overlay-opacity":"","overlay-gradient":""},"mobile":{"background-color":"","background-image":"","background-repeat":"repeat","background-position":"center center","background-size":"auto","background-attachment":"scroll","background-type":"","background-media":"","overlay-type":"","overlay-color":"","overlay-opacity":"","overlay-gradient":""}},"ast-content-background-meta":{"desktop":{"background-color":"var(--ast-global-color-4)","background-image":"","background-repeat":"repeat","background-position":"center center","background-size":"auto","background-attachment":"scroll","background-type":"","background-media":"","overlay-type":"","overlay-color":"","overlay-opacity":"","overlay-gradient":""},"tablet":{"background-color":"var(--ast-global-color-4)","background-image":"","background-repeat":"repeat","background-position":"center center","background-size":"auto","background-attachment":"scroll","background-type":"","background-media":"","overlay-type":"","overlay-color":"","overlay-opacity":"","overlay-gradient":""},"mobile":{"background-color":"var(--ast-global-color-4)","background-image":"","background-repeat":"repeat","background-position":"center center","background-size":"auto","background-attachment":"scroll","background-type":"","background-media":"","overlay-type":"","overlay-color":"","overlay-opacity":"","overlay-gradient":""}},"footnotes":""},"class_list":["post-147","page","type-page","status-publish","hentry"],"_links":{"self":[{"href":"https:\/\/neoteca.letras.ufmg.br\/index.php\/wp-json\/wp\/v2\/pages\/147","targetHints":{"allow":["GET"]}}],"collection":[{"href":"https:\/\/neoteca.letras.ufmg.br\/index.php\/wp-json\/wp\/v2\/pages"}],"about":[{"href":"https:\/\/neoteca.letras.ufmg.br\/index.php\/wp-json\/wp\/v2\/types\/page"}],"author":[{"embeddable":true,"href":"https:\/\/neoteca.letras.ufmg.br\/index.php\/wp-json\/wp\/v2\/users\/2"}],"replies":[{"embeddable":true,"href":"https:\/\/neoteca.letras.ufmg.br\/index.php\/wp-json\/wp\/v2\/comments?post=147"}],"version-history":[{"count":4,"href":"https:\/\/neoteca.letras.ufmg.br\/index.php\/wp-json\/wp\/v2\/pages\/147\/revisions"}],"predecessor-version":[{"id":425,"href":"https:\/\/neoteca.letras.ufmg.br\/index.php\/wp-json\/wp\/v2\/pages\/147\/revisions\/425"}],"up":[{"embeddable":true,"href":"https:\/\/neoteca.letras.ufmg.br\/index.php\/wp-json\/wp\/v2\/pages\/136"}],"wp:attachment":[{"href":"https:\/\/neoteca.letras.ufmg.br\/index.php\/wp-json\/wp\/v2\/media?parent=147"}],"curies":[{"name":"wp","href":"https:\/\/api.w.org\/{rel}","templated":true}]}}