{"id":145,"date":"2025-08-06T10:02:14","date_gmt":"2025-08-06T13:02:14","guid":{"rendered":"https:\/\/neoteca.letras.ufmg.br\/?page_id=145"},"modified":"2025-08-08T23:00:48","modified_gmt":"2025-08-09T02:00:48","slug":"cruzamento-vocabular","status":"publish","type":"page","link":"https:\/\/neoteca.letras.ufmg.br\/index.php\/glossario-de-conceitos\/processos-criativos-de-palavras\/cruzamento-vocabular\/","title":{"rendered":"Cruzamento vocabular"},"content":{"rendered":"\n<p class=\"has-text-align-left\">O <em>cruzamento vocabular<\/em> envolve a cria\u00e7\u00e3o de uma palavra a partir da &#8220;mistura&#8221; de outras. Diferente do processo de <a href=\"https:\/\/neoteca.letras.ufmg.br\/index.php\/glossario-de-conceitos\/processos-criativos-de-palavras\/composicao\/\">composi\u00e7\u00e3o<\/a>, uma das palavras bases ou todas podem acabar perdendo partes, como em &#8220;futev\u00f4lei&#8221;, em que a base &#8220;futebol&#8221; perde a parte&nbsp;<em>-bol<\/em>. Na maioria das vezes, a sonoridade da combina\u00e7\u00e3o \u00e9 o que deixa o cruzamento engra\u00e7ado ou interessante como cria\u00e7\u00e3o de palavra.<\/p>\n\n\n\n<p class=\"has-text-align-left\">Exemplo:&nbsp;<em>sapat\u00eanis<\/em>&nbsp;(<em><strong>sapato<\/strong>&nbsp;+&nbsp;<strong>t\u00eanis<\/strong><\/em>),&nbsp;<em>tobo\u00e1gua<\/em>&nbsp;(<em><strong>tobog\u00e3<\/strong>&nbsp;+&nbsp;<strong>\u00e1gua<\/strong><\/em>),&nbsp;<em>portunhol<\/em>&nbsp;(<em><strong>portugu\u00eas<\/strong>&nbsp;+&nbsp;<strong>espanhol<\/strong><\/em>),&nbsp;<em>aborrecente<\/em>&nbsp;(<em><strong>aborrece<\/strong>&nbsp;+&nbsp;<strong>adolescente<\/strong><\/em>).<\/p>\n\n\n\n<ul class=\"wp-block-list\">\n<li><a href=\"https:\/\/neoteca.letras.ufmg.br\/index.php\/categorias_neologismos\/cruzamento_vocabular\/\" data-type=\"categorias_neologismos\" data-id=\"9\">Ver neologismos de cruzamento vocabular<\/a><\/li>\n<\/ul>\n\n\n\n<hr class=\"wp-block-separator has-alpha-channel-opacity\"\/>\n\n\n\n<h5 class=\"wp-block-heading has-text-align-left\"><strong>Refer\u00eancia<\/strong><\/h5>\n\n\n\n<p class=\"has-text-align-left\">GON\u00c7ALVES, Carlos Alexandre.&nbsp;<strong>Morfologia.<\/strong> S\u00e3o Paulo: Par\u00e1bola, 2019.<\/p>\n","protected":false},"excerpt":{"rendered":"<p>O cruzamento vocabular envolve a cria\u00e7\u00e3o de uma palavra a partir da &#8220;mistura&#8221; de outras. Diferente do processo de composi\u00e7\u00e3o, [&hellip;]<\/p>\n","protected":false},"author":2,"featured_media":0,"parent":136,"menu_order":0,"comment_status":"closed","ping_status":"closed","template":"","meta":{"site-sidebar-layout":"default","site-content-layout":"","ast-site-content-layout":"default","site-content-style":"default","site-sidebar-style":"default","ast-global-header-display":"","ast-banner-title-visibility":"","ast-main-header-display":"","ast-hfb-above-header-display":"","ast-hfb-below-header-display":"","ast-hfb-mobile-header-display":"","site-post-title":"","ast-breadcrumbs-content":"","ast-featured-img":"","footer-sml-layout":"","ast-disable-related-posts":"","theme-transparent-header-meta":"","adv-header-id-meta":"","stick-header-meta":"","header-above-stick-meta":"","header-main-stick-meta":"","header-below-stick-meta":"","astra-migrate-meta-layouts":"default","ast-page-background-enabled":"default","ast-page-background-meta":{"desktop":{"background-color":"var(--ast-global-color-5)","background-image":"","background-repeat":"repeat","background-position":"center center","background-size":"auto","background-attachment":"scroll","background-type":"","background-media":"","overlay-type":"","overlay-color":"","overlay-opacity":"","overlay-gradient":""},"tablet":{"background-color":"","background-image":"","background-repeat":"repeat","background-position":"center center","background-size":"auto","background-attachment":"scroll","background-type":"","background-media":"","overlay-type":"","overlay-color":"","overlay-opacity":"","overlay-gradient":""},"mobile":{"background-color":"","background-image":"","background-repeat":"repeat","background-position":"center center","background-size":"auto","background-attachment":"scroll","background-type":"","background-media":"","overlay-type":"","overlay-color":"","overlay-opacity":"","overlay-gradient":""}},"ast-content-background-meta":{"desktop":{"background-color":"var(--ast-global-color-4)","background-image":"","background-repeat":"repeat","background-position":"center center","background-size":"auto","background-attachment":"scroll","background-type":"","background-media":"","overlay-type":"","overlay-color":"","overlay-opacity":"","overlay-gradient":""},"tablet":{"background-color":"var(--ast-global-color-4)","background-image":"","background-repeat":"repeat","background-position":"center center","background-size":"auto","background-attachment":"scroll","background-type":"","background-media":"","overlay-type":"","overlay-color":"","overlay-opacity":"","overlay-gradient":""},"mobile":{"background-color":"var(--ast-global-color-4)","background-image":"","background-repeat":"repeat","background-position":"center center","background-size":"auto","background-attachment":"scroll","background-type":"","background-media":"","overlay-type":"","overlay-color":"","overlay-opacity":"","overlay-gradient":""}},"footnotes":""},"class_list":["post-145","page","type-page","status-publish","hentry"],"_links":{"self":[{"href":"https:\/\/neoteca.letras.ufmg.br\/index.php\/wp-json\/wp\/v2\/pages\/145","targetHints":{"allow":["GET"]}}],"collection":[{"href":"https:\/\/neoteca.letras.ufmg.br\/index.php\/wp-json\/wp\/v2\/pages"}],"about":[{"href":"https:\/\/neoteca.letras.ufmg.br\/index.php\/wp-json\/wp\/v2\/types\/page"}],"author":[{"embeddable":true,"href":"https:\/\/neoteca.letras.ufmg.br\/index.php\/wp-json\/wp\/v2\/users\/2"}],"replies":[{"embeddable":true,"href":"https:\/\/neoteca.letras.ufmg.br\/index.php\/wp-json\/wp\/v2\/comments?post=145"}],"version-history":[{"count":5,"href":"https:\/\/neoteca.letras.ufmg.br\/index.php\/wp-json\/wp\/v2\/pages\/145\/revisions"}],"predecessor-version":[{"id":424,"href":"https:\/\/neoteca.letras.ufmg.br\/index.php\/wp-json\/wp\/v2\/pages\/145\/revisions\/424"}],"up":[{"embeddable":true,"href":"https:\/\/neoteca.letras.ufmg.br\/index.php\/wp-json\/wp\/v2\/pages\/136"}],"wp:attachment":[{"href":"https:\/\/neoteca.letras.ufmg.br\/index.php\/wp-json\/wp\/v2\/media?parent=145"}],"curies":[{"name":"wp","href":"https:\/\/api.w.org\/{rel}","templated":true}]}}