{"id":140,"date":"2025-08-06T09:58:17","date_gmt":"2025-08-06T12:58:17","guid":{"rendered":"https:\/\/neoteca.letras.ufmg.br\/?page_id=140"},"modified":"2025-08-08T22:59:32","modified_gmt":"2025-08-09T01:59:32","slug":"conversao","status":"publish","type":"page","link":"https:\/\/neoteca.letras.ufmg.br\/index.php\/glossario-de-conceitos\/processos-criativos-de-palavras\/conversao\/","title":{"rendered":"Convers\u00e3o"},"content":{"rendered":"\n<p class=\"has-text-align-left\">O processo da <em>convers\u00e3o<\/em> ocorre quando usamos uma determinada palavra com significado diferente a partir de mudan\u00e7a n\u00e3o em sua forma, mas em sua <a href=\"https:\/\/neoteca.letras.ufmg.br\/index.php\/glossario-de-conceitos\/classes-de-palavra\/\">classe de palavra<\/a>. \u00c9 quando usamos uma palavra geralmente tida como verbo como se fosse um substantivo, um adjetivo como adv\u00e9rbio, entre outras. Uma classe de palavra se&nbsp;<em>converte<\/em>&nbsp;em outra.<\/p>\n\n\n\n<p class=\"has-text-align-left\">Exemplos: Vou&nbsp;<em>jantar<\/em>&nbsp;na minha m\u00e3e. (<em>jantar<\/em>&nbsp;\u00e9 verbo) \/ O <em>jant<\/em>ar estava sensacional. (<em>jantar&nbsp;<\/em>\u00e9 substantivo), O&nbsp;<em>guarda-roupa<\/em>&nbsp;\u00e9 novo. (<em>guarda-roupa<\/em>&nbsp;\u00e9 substantivo) \/ Aquele seguran\u00e7a \u00e9 um <em>guarda-roupa<\/em>! (<em>guarda-roupa<\/em>&nbsp;\u00e9 adjetivo).<\/p>\n\n\n\n<ul class=\"wp-block-list\">\n<li><a href=\"https:\/\/neoteca.letras.ufmg.br\/index.php\/categorias_neologismos\/conversao\/\" data-type=\"categorias_neologismos\" data-id=\"7\">Ver neologismos de convers\u00e3o<\/a><\/li>\n<\/ul>\n\n\n\n<hr class=\"wp-block-separator has-alpha-channel-opacity\"\/>\n\n\n\n<h5 class=\"wp-block-heading has-text-align-left\"><strong>Refer\u00eancia<\/strong><\/h5>\n\n\n\n<p class=\"has-text-align-left\">GON\u00c7ALVES, Carlos Alexandre.&nbsp;<strong>Morfologia.<\/strong> S\u00e3o Paulo: Par\u00e1bola, 2019.<\/p>\n","protected":false},"excerpt":{"rendered":"<p>O processo da convers\u00e3o ocorre quando usamos uma determinada palavra com significado diferente a partir de mudan\u00e7a n\u00e3o em sua [&hellip;]<\/p>\n","protected":false},"author":2,"featured_media":0,"parent":136,"menu_order":0,"comment_status":"closed","ping_status":"closed","template":"","meta":{"site-sidebar-layout":"default","site-content-layout":"","ast-site-content-layout":"default","site-content-style":"default","site-sidebar-style":"default","ast-global-header-display":"","ast-banner-title-visibility":"","ast-main-header-display":"","ast-hfb-above-header-display":"","ast-hfb-below-header-display":"","ast-hfb-mobile-header-display":"","site-post-title":"","ast-breadcrumbs-content":"","ast-featured-img":"","footer-sml-layout":"","ast-disable-related-posts":"","theme-transparent-header-meta":"","adv-header-id-meta":"","stick-header-meta":"","header-above-stick-meta":"","header-main-stick-meta":"","header-below-stick-meta":"","astra-migrate-meta-layouts":"default","ast-page-background-enabled":"default","ast-page-background-meta":{"desktop":{"background-color":"var(--ast-global-color-5)","background-image":"","background-repeat":"repeat","background-position":"center center","background-size":"auto","background-attachment":"scroll","background-type":"","background-media":"","overlay-type":"","overlay-color":"","overlay-opacity":"","overlay-gradient":""},"tablet":{"background-color":"","background-image":"","background-repeat":"repeat","background-position":"center center","background-size":"auto","background-attachment":"scroll","background-type":"","background-media":"","overlay-type":"","overlay-color":"","overlay-opacity":"","overlay-gradient":""},"mobile":{"background-color":"","background-image":"","background-repeat":"repeat","background-position":"center center","background-size":"auto","background-attachment":"scroll","background-type":"","background-media":"","overlay-type":"","overlay-color":"","overlay-opacity":"","overlay-gradient":""}},"ast-content-background-meta":{"desktop":{"background-color":"var(--ast-global-color-4)","background-image":"","background-repeat":"repeat","background-position":"center center","background-size":"auto","background-attachment":"scroll","background-type":"","background-media":"","overlay-type":"","overlay-color":"","overlay-opacity":"","overlay-gradient":""},"tablet":{"background-color":"var(--ast-global-color-4)","background-image":"","background-repeat":"repeat","background-position":"center center","background-size":"auto","background-attachment":"scroll","background-type":"","background-media":"","overlay-type":"","overlay-color":"","overlay-opacity":"","overlay-gradient":""},"mobile":{"background-color":"var(--ast-global-color-4)","background-image":"","background-repeat":"repeat","background-position":"center center","background-size":"auto","background-attachment":"scroll","background-type":"","background-media":"","overlay-type":"","overlay-color":"","overlay-opacity":"","overlay-gradient":""}},"footnotes":""},"class_list":["post-140","page","type-page","status-publish","hentry"],"_links":{"self":[{"href":"https:\/\/neoteca.letras.ufmg.br\/index.php\/wp-json\/wp\/v2\/pages\/140","targetHints":{"allow":["GET"]}}],"collection":[{"href":"https:\/\/neoteca.letras.ufmg.br\/index.php\/wp-json\/wp\/v2\/pages"}],"about":[{"href":"https:\/\/neoteca.letras.ufmg.br\/index.php\/wp-json\/wp\/v2\/types\/page"}],"author":[{"embeddable":true,"href":"https:\/\/neoteca.letras.ufmg.br\/index.php\/wp-json\/wp\/v2\/users\/2"}],"replies":[{"embeddable":true,"href":"https:\/\/neoteca.letras.ufmg.br\/index.php\/wp-json\/wp\/v2\/comments?post=140"}],"version-history":[{"count":5,"href":"https:\/\/neoteca.letras.ufmg.br\/index.php\/wp-json\/wp\/v2\/pages\/140\/revisions"}],"predecessor-version":[{"id":421,"href":"https:\/\/neoteca.letras.ufmg.br\/index.php\/wp-json\/wp\/v2\/pages\/140\/revisions\/421"}],"up":[{"embeddable":true,"href":"https:\/\/neoteca.letras.ufmg.br\/index.php\/wp-json\/wp\/v2\/pages\/136"}],"wp:attachment":[{"href":"https:\/\/neoteca.letras.ufmg.br\/index.php\/wp-json\/wp\/v2\/media?parent=140"}],"curies":[{"name":"wp","href":"https:\/\/api.w.org\/{rel}","templated":true}]}}