{"id":138,"date":"2025-08-06T09:56:00","date_gmt":"2025-08-06T12:56:00","guid":{"rendered":"https:\/\/neoteca.letras.ufmg.br\/?page_id=138"},"modified":"2025-08-14T20:41:39","modified_gmt":"2025-08-14T23:41:39","slug":"composicao","status":"publish","type":"page","link":"https:\/\/neoteca.letras.ufmg.br\/index.php\/glossario-de-conceitos\/processos-criativos-de-palavras\/composicao\/","title":{"rendered":"Composi\u00e7\u00e3o"},"content":{"rendered":"\n<p class=\"has-text-align-left\">Na <em>composi\u00e7\u00e3o<\/em>, formamos uma palavra\u00a0juntando duas ou mais bases, que podem\u00a0ser <a href=\"https:\/\/neoteca.letras.ufmg.br\/index.php\/glossario-de-conceitos\/palavra\/\" data-type=\"page\" data-id=\"437\">palavras<\/a> ou <a href=\"https:\/\/neoteca.letras.ufmg.br\/index.php\/glossario-de-conceitos\/radical\/\">radicais<\/a>.<\/p>\n\n\n\n<p class=\"has-text-align-left\">Exemplos:&nbsp;<em>homem-bomba<\/em>&nbsp;(<em><strong>homem<\/strong>&nbsp;+&nbsp;<strong>bomba<\/strong><\/em>),&nbsp;<em>guarda-roupa<\/em>&nbsp;(<em><strong>guarda<\/strong>&nbsp;+&nbsp;<strong>roupa<\/strong><\/em>),&nbsp;<em>hidrofobia<\/em>&nbsp;(<em><strong>hidro<\/strong>&nbsp;+&nbsp;<strong>fobia<\/strong><\/em>),&nbsp;<em>heteronormativo<\/em>&nbsp;(<em><strong>h\u00e9tero<\/strong>&nbsp;+&nbsp;<strong>normativo<\/strong><\/em>).<\/p>\n\n\n\n<ul class=\"wp-block-list\">\n<li><a href=\"https:\/\/neoteca.letras.ufmg.br\/index.php\/categorias_neologismos\/composicao\/\" data-type=\"categorias_neologismos\" data-id=\"6\">Ver neologismos de composi\u00e7\u00e3o<\/a><\/li>\n<\/ul>\n\n\n\n<hr class=\"wp-block-separator has-alpha-channel-opacity\"\/>\n\n\n\n<h5 class=\"wp-block-heading\"><strong>Refer\u00eancia<\/strong><\/h5>\n\n\n\n<p class=\"has-text-align-left\">GON\u00c7ALVES, Carlos Alexandre.&nbsp;<strong>Morfologia.<\/strong> S\u00e3o Paulo: Par\u00e1bola, 2019.<\/p>\n","protected":false},"excerpt":{"rendered":"<p>Na composi\u00e7\u00e3o, formamos uma palavra\u00a0juntando duas ou mais bases, que podem\u00a0ser palavras ou radicais. Exemplos:&nbsp;homem-bomba&nbsp;(homem&nbsp;+&nbsp;bomba),&nbsp;guarda-roupa&nbsp;(guarda&nbsp;+&nbsp;roupa),&nbsp;hidrofobia&nbsp;(hidro&nbsp;+&nbsp;fobia),&nbsp;heteronormativo&nbsp;(h\u00e9tero&nbsp;+&nbsp;normativo). Refer\u00eancia GON\u00c7ALVES, Carlos Alexandre.&nbsp;Morfologia. S\u00e3o [&hellip;]<\/p>\n","protected":false},"author":2,"featured_media":0,"parent":136,"menu_order":0,"comment_status":"closed","ping_status":"closed","template":"","meta":{"site-sidebar-layout":"default","site-content-layout":"","ast-site-content-layout":"default","site-content-style":"default","site-sidebar-style":"default","ast-global-header-display":"","ast-banner-title-visibility":"","ast-main-header-display":"","ast-hfb-above-header-display":"","ast-hfb-below-header-display":"","ast-hfb-mobile-header-display":"","site-post-title":"","ast-breadcrumbs-content":"","ast-featured-img":"","footer-sml-layout":"","ast-disable-related-posts":"","theme-transparent-header-meta":"","adv-header-id-meta":"","stick-header-meta":"","header-above-stick-meta":"","header-main-stick-meta":"","header-below-stick-meta":"","astra-migrate-meta-layouts":"default","ast-page-background-enabled":"default","ast-page-background-meta":{"desktop":{"background-color":"var(--ast-global-color-5)","background-image":"","background-repeat":"repeat","background-position":"center center","background-size":"auto","background-attachment":"scroll","background-type":"","background-media":"","overlay-type":"","overlay-color":"","overlay-opacity":"","overlay-gradient":""},"tablet":{"background-color":"","background-image":"","background-repeat":"repeat","background-position":"center center","background-size":"auto","background-attachment":"scroll","background-type":"","background-media":"","overlay-type":"","overlay-color":"","overlay-opacity":"","overlay-gradient":""},"mobile":{"background-color":"","background-image":"","background-repeat":"repeat","background-position":"center center","background-size":"auto","background-attachment":"scroll","background-type":"","background-media":"","overlay-type":"","overlay-color":"","overlay-opacity":"","overlay-gradient":""}},"ast-content-background-meta":{"desktop":{"background-color":"var(--ast-global-color-4)","background-image":"","background-repeat":"repeat","background-position":"center center","background-size":"auto","background-attachment":"scroll","background-type":"","background-media":"","overlay-type":"","overlay-color":"","overlay-opacity":"","overlay-gradient":""},"tablet":{"background-color":"var(--ast-global-color-4)","background-image":"","background-repeat":"repeat","background-position":"center center","background-size":"auto","background-attachment":"scroll","background-type":"","background-media":"","overlay-type":"","overlay-color":"","overlay-opacity":"","overlay-gradient":""},"mobile":{"background-color":"var(--ast-global-color-4)","background-image":"","background-repeat":"repeat","background-position":"center center","background-size":"auto","background-attachment":"scroll","background-type":"","background-media":"","overlay-type":"","overlay-color":"","overlay-opacity":"","overlay-gradient":""}},"footnotes":""},"class_list":["post-138","page","type-page","status-publish","hentry"],"_links":{"self":[{"href":"https:\/\/neoteca.letras.ufmg.br\/index.php\/wp-json\/wp\/v2\/pages\/138","targetHints":{"allow":["GET"]}}],"collection":[{"href":"https:\/\/neoteca.letras.ufmg.br\/index.php\/wp-json\/wp\/v2\/pages"}],"about":[{"href":"https:\/\/neoteca.letras.ufmg.br\/index.php\/wp-json\/wp\/v2\/types\/page"}],"author":[{"embeddable":true,"href":"https:\/\/neoteca.letras.ufmg.br\/index.php\/wp-json\/wp\/v2\/users\/2"}],"replies":[{"embeddable":true,"href":"https:\/\/neoteca.letras.ufmg.br\/index.php\/wp-json\/wp\/v2\/comments?post=138"}],"version-history":[{"count":6,"href":"https:\/\/neoteca.letras.ufmg.br\/index.php\/wp-json\/wp\/v2\/pages\/138\/revisions"}],"predecessor-version":[{"id":500,"href":"https:\/\/neoteca.letras.ufmg.br\/index.php\/wp-json\/wp\/v2\/pages\/138\/revisions\/500"}],"up":[{"embeddable":true,"href":"https:\/\/neoteca.letras.ufmg.br\/index.php\/wp-json\/wp\/v2\/pages\/136"}],"wp:attachment":[{"href":"https:\/\/neoteca.letras.ufmg.br\/index.php\/wp-json\/wp\/v2\/media?parent=138"}],"curies":[{"name":"wp","href":"https:\/\/api.w.org\/{rel}","templated":true}]}}