{"id":128,"date":"2025-08-05T19:46:29","date_gmt":"2025-08-05T22:46:29","guid":{"rendered":"https:\/\/neoteca.letras.ufmg.br\/?page_id=128"},"modified":"2025-08-13T10:36:03","modified_gmt":"2025-08-13T13:36:03","slug":"linguagem-escrita-e-linguagem-oral","status":"publish","type":"page","link":"https:\/\/neoteca.letras.ufmg.br\/index.php\/glossario-de-conceitos\/linguagem-escrita-e-linguagem-oral\/","title":{"rendered":"Linguagem escrita e Linguagem oral"},"content":{"rendered":"\n<p class=\"has-text-align-left\">A&nbsp;<em>linguagem escrita<\/em>&nbsp;\u00e9 usada em textos como este.&nbsp;Geralmente \u00e9 uma linguagem&nbsp;marcada por ser mais planejada, sendo um registro natural. A escrita \u00e9 uma tecnologia humana, criada para representar a l\u00edngua falada, e por isso \u00e9 uma habilidade que deve ser aprendida.<\/p>\n\n\n\n<p class=\"has-text-align-left\">Exemplo: \u201cPrezada senhora, venho por meio desta solicitar informa\u00e7\u00f5es sobre o processo.\u201d<\/p>\n\n\n\n<p class=\"has-text-align-left\">A\u00a0<em>linguagem oral<\/em>\u00a0\u00e9 usada na fala do dia a dia,\u00a0marcada pela espontaneidade da l\u00edngua. Pode ter <a href=\"https:\/\/neoteca.letras.ufmg.br\/index.php\/glossario-de-conceitos\/giria\/\">g\u00edrias<\/a>, repeti\u00e7\u00f5es, frases incompletas, hesita\u00e7\u00f5es e vai muito al\u00e9m das regras gramaticais normativas. A linguagem oral \u00e9 uma manifesta\u00e7\u00e3o da l\u00edngua e a l\u00edngua, diferentemente da escrita, \u00e9 desenvolvida naturalmente pelo ser humano\u00a0nas suas intera\u00e7\u00f5es e no conv\u00edvio\u00a0com uma comunidade. Para escrever, precisamos\u00a0ser ensinados formalmente em uma escola ou por algu\u00e9m, mas, para falar, basta convivermos com determinado grupo de falantes de uma l\u00edngua em nossa inf\u00e2ncia.<\/p>\n\n\n\n<p class=\"has-text-align-left\">Exemplo: \u201cOi, tudo bem? Ent\u00e3o&#8230; eu tava pensando, sabe? Voc\u00ea bem que poderia&#8230; pega ali a garrafa de caf\u00e9, por favor&#8230; voc\u00ea poderia me passar&nbsp;as informa\u00e7\u00f5es do processo, n\u00e9?\u201d<\/p>\n\n\n\n<hr class=\"wp-block-separator has-alpha-channel-opacity\"\/>\n\n\n\n<h5 class=\"wp-block-heading has-text-align-left\"><strong>Refer\u00eancia<\/strong><\/h5>\n\n\n\n<p class=\"has-text-align-left\">BAGNO, Marcos.&nbsp;<strong>Dicion\u00e1rio cr\u00edtico de sociolingu\u00edstica.<\/strong>&nbsp;S\u00e3o Paulo: Par\u00e1bola, 2017.<\/p>\n","protected":false},"excerpt":{"rendered":"<p>A&nbsp;linguagem escrita&nbsp;\u00e9 usada em textos como este.&nbsp;Geralmente \u00e9 uma linguagem&nbsp;marcada por ser mais planejada, sendo um registro natural. A escrita [&hellip;]<\/p>\n","protected":false},"author":2,"featured_media":0,"parent":52,"menu_order":0,"comment_status":"closed","ping_status":"closed","template":"","meta":{"site-sidebar-layout":"default","site-content-layout":"","ast-site-content-layout":"default","site-content-style":"default","site-sidebar-style":"default","ast-global-header-display":"","ast-banner-title-visibility":"","ast-main-header-display":"","ast-hfb-above-header-display":"","ast-hfb-below-header-display":"","ast-hfb-mobile-header-display":"","site-post-title":"","ast-breadcrumbs-content":"","ast-featured-img":"","footer-sml-layout":"","ast-disable-related-posts":"","theme-transparent-header-meta":"","adv-header-id-meta":"","stick-header-meta":"","header-above-stick-meta":"","header-main-stick-meta":"","header-below-stick-meta":"","astra-migrate-meta-layouts":"default","ast-page-background-enabled":"default","ast-page-background-meta":{"desktop":{"background-color":"var(--ast-global-color-5)","background-image":"","background-repeat":"repeat","background-position":"center center","background-size":"auto","background-attachment":"scroll","background-type":"","background-media":"","overlay-type":"","overlay-color":"","overlay-opacity":"","overlay-gradient":""},"tablet":{"background-color":"","background-image":"","background-repeat":"repeat","background-position":"center center","background-size":"auto","background-attachment":"scroll","background-type":"","background-media":"","overlay-type":"","overlay-color":"","overlay-opacity":"","overlay-gradient":""},"mobile":{"background-color":"","background-image":"","background-repeat":"repeat","background-position":"center center","background-size":"auto","background-attachment":"scroll","background-type":"","background-media":"","overlay-type":"","overlay-color":"","overlay-opacity":"","overlay-gradient":""}},"ast-content-background-meta":{"desktop":{"background-color":"var(--ast-global-color-4)","background-image":"","background-repeat":"repeat","background-position":"center center","background-size":"auto","background-attachment":"scroll","background-type":"","background-media":"","overlay-type":"","overlay-color":"","overlay-opacity":"","overlay-gradient":""},"tablet":{"background-color":"var(--ast-global-color-4)","background-image":"","background-repeat":"repeat","background-position":"center center","background-size":"auto","background-attachment":"scroll","background-type":"","background-media":"","overlay-type":"","overlay-color":"","overlay-opacity":"","overlay-gradient":""},"mobile":{"background-color":"var(--ast-global-color-4)","background-image":"","background-repeat":"repeat","background-position":"center center","background-size":"auto","background-attachment":"scroll","background-type":"","background-media":"","overlay-type":"","overlay-color":"","overlay-opacity":"","overlay-gradient":""}},"footnotes":""},"class_list":["post-128","page","type-page","status-publish","hentry"],"_links":{"self":[{"href":"https:\/\/neoteca.letras.ufmg.br\/index.php\/wp-json\/wp\/v2\/pages\/128","targetHints":{"allow":["GET"]}}],"collection":[{"href":"https:\/\/neoteca.letras.ufmg.br\/index.php\/wp-json\/wp\/v2\/pages"}],"about":[{"href":"https:\/\/neoteca.letras.ufmg.br\/index.php\/wp-json\/wp\/v2\/types\/page"}],"author":[{"embeddable":true,"href":"https:\/\/neoteca.letras.ufmg.br\/index.php\/wp-json\/wp\/v2\/users\/2"}],"replies":[{"embeddable":true,"href":"https:\/\/neoteca.letras.ufmg.br\/index.php\/wp-json\/wp\/v2\/comments?post=128"}],"version-history":[{"count":3,"href":"https:\/\/neoteca.letras.ufmg.br\/index.php\/wp-json\/wp\/v2\/pages\/128\/revisions"}],"predecessor-version":[{"id":442,"href":"https:\/\/neoteca.letras.ufmg.br\/index.php\/wp-json\/wp\/v2\/pages\/128\/revisions\/442"}],"up":[{"embeddable":true,"href":"https:\/\/neoteca.letras.ufmg.br\/index.php\/wp-json\/wp\/v2\/pages\/52"}],"wp:attachment":[{"href":"https:\/\/neoteca.letras.ufmg.br\/index.php\/wp-json\/wp\/v2\/media?parent=128"}],"curies":[{"name":"wp","href":"https:\/\/api.w.org\/{rel}","templated":true}]}}