{"id":125,"date":"2025-08-05T19:40:18","date_gmt":"2025-08-05T22:40:18","guid":{"rendered":"https:\/\/neoteca.letras.ufmg.br\/?page_id=125"},"modified":"2025-08-08T22:01:03","modified_gmt":"2025-08-09T01:01:03","slug":"jargao","status":"publish","type":"page","link":"https:\/\/neoteca.letras.ufmg.br\/index.php\/glossario-de-conceitos\/jargao\/","title":{"rendered":"Jarg\u00e3o"},"content":{"rendered":"\n<p class=\"has-text-align-left\">\u00c9 uma palavra ou express\u00e3o com significado espec\u00edfico de uso em determinada profiss\u00e3o, ci\u00eancia ou \u00e1rea do conhecimento. O uso do jarg\u00e3o pode facilitar a comunica\u00e7\u00e3o profissional.<\/p>\n\n\n\n<p class=\"has-text-align-left\">Exemplos:&nbsp;<em>habeas corpus<\/em>&nbsp;e&nbsp;<em>peti\u00e7\u00e3o<\/em>&nbsp;(\u00e1rea do Direito);&nbsp;<em>bug<\/em>&nbsp;e&nbsp;<em>back-end<\/em>&nbsp;(\u00e1rea da Inform\u00e1tica).<\/p>\n\n\n\n<ul class=\"wp-block-list\">\n<li><a href=\"https:\/\/neoteca.letras.ufmg.br\/index.php\/categorias_neologismos\/jargao\/\" data-type=\"categorias_neologismos\" data-id=\"38\">Ver neologismos de jarg\u00e3o<\/a><\/li>\n<\/ul>\n\n\n\n<hr class=\"wp-block-separator has-alpha-channel-opacity\"\/>\n\n\n\n<h5 class=\"wp-block-heading has-text-align-left\"><strong>Refer\u00eancia<\/strong><\/h5>\n\n\n\n<p class=\"has-text-align-left\">BAGNO, Marcos.&nbsp;<strong>Dicion\u00e1rio cr\u00edtico de sociolingu\u00edstica.<\/strong>&nbsp;S\u00e3o Paulo: Par\u00e1bola, 2017.<\/p>\n","protected":false},"excerpt":{"rendered":"<p>\u00c9 uma palavra ou express\u00e3o com significado espec\u00edfico de uso em determinada profiss\u00e3o, ci\u00eancia ou \u00e1rea do conhecimento. O uso [&hellip;]<\/p>\n","protected":false},"author":2,"featured_media":0,"parent":52,"menu_order":0,"comment_status":"closed","ping_status":"closed","template":"","meta":{"site-sidebar-layout":"default","site-content-layout":"","ast-site-content-layout":"default","site-content-style":"default","site-sidebar-style":"default","ast-global-header-display":"","ast-banner-title-visibility":"","ast-main-header-display":"","ast-hfb-above-header-display":"","ast-hfb-below-header-display":"","ast-hfb-mobile-header-display":"","site-post-title":"","ast-breadcrumbs-content":"","ast-featured-img":"","footer-sml-layout":"","ast-disable-related-posts":"","theme-transparent-header-meta":"","adv-header-id-meta":"","stick-header-meta":"","header-above-stick-meta":"","header-main-stick-meta":"","header-below-stick-meta":"","astra-migrate-meta-layouts":"default","ast-page-background-enabled":"default","ast-page-background-meta":{"desktop":{"background-color":"var(--ast-global-color-5)","background-image":"","background-repeat":"repeat","background-position":"center center","background-size":"auto","background-attachment":"scroll","background-type":"","background-media":"","overlay-type":"","overlay-color":"","overlay-opacity":"","overlay-gradient":""},"tablet":{"background-color":"","background-image":"","background-repeat":"repeat","background-position":"center center","background-size":"auto","background-attachment":"scroll","background-type":"","background-media":"","overlay-type":"","overlay-color":"","overlay-opacity":"","overlay-gradient":""},"mobile":{"background-color":"","background-image":"","background-repeat":"repeat","background-position":"center center","background-size":"auto","background-attachment":"scroll","background-type":"","background-media":"","overlay-type":"","overlay-color":"","overlay-opacity":"","overlay-gradient":""}},"ast-content-background-meta":{"desktop":{"background-color":"var(--ast-global-color-4)","background-image":"","background-repeat":"repeat","background-position":"center center","background-size":"auto","background-attachment":"scroll","background-type":"","background-media":"","overlay-type":"","overlay-color":"","overlay-opacity":"","overlay-gradient":""},"tablet":{"background-color":"var(--ast-global-color-4)","background-image":"","background-repeat":"repeat","background-position":"center center","background-size":"auto","background-attachment":"scroll","background-type":"","background-media":"","overlay-type":"","overlay-color":"","overlay-opacity":"","overlay-gradient":""},"mobile":{"background-color":"var(--ast-global-color-4)","background-image":"","background-repeat":"repeat","background-position":"center center","background-size":"auto","background-attachment":"scroll","background-type":"","background-media":"","overlay-type":"","overlay-color":"","overlay-opacity":"","overlay-gradient":""}},"footnotes":""},"class_list":["post-125","page","type-page","status-publish","hentry"],"_links":{"self":[{"href":"https:\/\/neoteca.letras.ufmg.br\/index.php\/wp-json\/wp\/v2\/pages\/125","targetHints":{"allow":["GET"]}}],"collection":[{"href":"https:\/\/neoteca.letras.ufmg.br\/index.php\/wp-json\/wp\/v2\/pages"}],"about":[{"href":"https:\/\/neoteca.letras.ufmg.br\/index.php\/wp-json\/wp\/v2\/types\/page"}],"author":[{"embeddable":true,"href":"https:\/\/neoteca.letras.ufmg.br\/index.php\/wp-json\/wp\/v2\/users\/2"}],"replies":[{"embeddable":true,"href":"https:\/\/neoteca.letras.ufmg.br\/index.php\/wp-json\/wp\/v2\/comments?post=125"}],"version-history":[{"count":4,"href":"https:\/\/neoteca.letras.ufmg.br\/index.php\/wp-json\/wp\/v2\/pages\/125\/revisions"}],"predecessor-version":[{"id":405,"href":"https:\/\/neoteca.letras.ufmg.br\/index.php\/wp-json\/wp\/v2\/pages\/125\/revisions\/405"}],"up":[{"embeddable":true,"href":"https:\/\/neoteca.letras.ufmg.br\/index.php\/wp-json\/wp\/v2\/pages\/52"}],"wp:attachment":[{"href":"https:\/\/neoteca.letras.ufmg.br\/index.php\/wp-json\/wp\/v2\/media?parent=125"}],"curies":[{"name":"wp","href":"https:\/\/api.w.org\/{rel}","templated":true}]}}