{"id":122,"date":"2025-08-05T19:23:49","date_gmt":"2025-08-05T22:23:49","guid":{"rendered":"https:\/\/neoteca.letras.ufmg.br\/?page_id=122"},"modified":"2025-08-08T22:05:02","modified_gmt":"2025-08-09T01:05:02","slug":"giria","status":"publish","type":"page","link":"https:\/\/neoteca.letras.ufmg.br\/index.php\/glossario-de-conceitos\/giria\/","title":{"rendered":"G\u00edria"},"content":{"rendered":"\n<p class=\"has-text-align-left\">\u00c9 uma express\u00e3o ou palavra pr\u00f3pria de um&nbsp;grupo&nbsp;marginalizado na sociedade, criada com finalidade consciente de evitar a compreens\u00e3o de outras pessoas que n\u00e3o fazem parte desse grupo. O termo&nbsp;<em>g\u00edria<\/em> tamb\u00e9m pode ser usado&nbsp;para fazer refer\u00eancia a um conjunto de palavras que constituem uma moda de determinado momento dentro em algum setor social espec\u00edfico.<\/p>\n\n\n\n<p class=\"has-text-align-left\">Exemplos: g\u00edrias de gera\u00e7\u00f5es mais velhas, como&nbsp;<em>p\u00e3o<\/em>&nbsp;(homem bonito)&nbsp;ou&nbsp;<em>broto<\/em>&nbsp;(garota atraente); g\u00edrias de presidi\u00e1rios, como&nbsp;<em>bronca&nbsp;<\/em>(crime cometido pelo presidi\u00e1rio) ou&nbsp;<em>boi<\/em>&nbsp;(vaso sanit\u00e1rio).<\/p>\n\n\n\n<ul class=\"wp-block-list\">\n<li><a href=\"https:\/\/neoteca.letras.ufmg.br\/index.php\/categorias_neologismos\/giria\/\" data-type=\"categorias_neologismos\" data-id=\"37\">Ver neologismos de g\u00edria<\/a><\/li>\n<\/ul>\n\n\n\n<hr class=\"wp-block-separator has-alpha-channel-opacity\"\/>\n\n\n\n<h5 class=\"wp-block-heading has-text-align-left\"><strong>Refer\u00eancia<\/strong><\/h5>\n\n\n\n<p class=\"has-text-align-left\">BAGNO, Marcos.&nbsp;<strong>Dicion\u00e1rio cr\u00edtico de sociolingu\u00edstica.<\/strong>&nbsp;S\u00e3o Paulo: Par\u00e1bola, 2017.<\/p>\n","protected":false},"excerpt":{"rendered":"<p>\u00c9 uma express\u00e3o ou palavra pr\u00f3pria de um&nbsp;grupo&nbsp;marginalizado na sociedade, criada com finalidade consciente de evitar a compreens\u00e3o de outras [&hellip;]<\/p>\n","protected":false},"author":2,"featured_media":0,"parent":52,"menu_order":0,"comment_status":"closed","ping_status":"closed","template":"","meta":{"site-sidebar-layout":"default","site-content-layout":"","ast-site-content-layout":"default","site-content-style":"default","site-sidebar-style":"default","ast-global-header-display":"","ast-banner-title-visibility":"","ast-main-header-display":"","ast-hfb-above-header-display":"","ast-hfb-below-header-display":"","ast-hfb-mobile-header-display":"","site-post-title":"","ast-breadcrumbs-content":"","ast-featured-img":"","footer-sml-layout":"","ast-disable-related-posts":"","theme-transparent-header-meta":"","adv-header-id-meta":"","stick-header-meta":"","header-above-stick-meta":"","header-main-stick-meta":"","header-below-stick-meta":"","astra-migrate-meta-layouts":"default","ast-page-background-enabled":"default","ast-page-background-meta":{"desktop":{"background-color":"var(--ast-global-color-5)","background-image":"","background-repeat":"repeat","background-position":"center center","background-size":"auto","background-attachment":"scroll","background-type":"","background-media":"","overlay-type":"","overlay-color":"","overlay-opacity":"","overlay-gradient":""},"tablet":{"background-color":"","background-image":"","background-repeat":"repeat","background-position":"center center","background-size":"auto","background-attachment":"scroll","background-type":"","background-media":"","overlay-type":"","overlay-color":"","overlay-opacity":"","overlay-gradient":""},"mobile":{"background-color":"","background-image":"","background-repeat":"repeat","background-position":"center center","background-size":"auto","background-attachment":"scroll","background-type":"","background-media":"","overlay-type":"","overlay-color":"","overlay-opacity":"","overlay-gradient":""}},"ast-content-background-meta":{"desktop":{"background-color":"var(--ast-global-color-4)","background-image":"","background-repeat":"repeat","background-position":"center center","background-size":"auto","background-attachment":"scroll","background-type":"","background-media":"","overlay-type":"","overlay-color":"","overlay-opacity":"","overlay-gradient":""},"tablet":{"background-color":"var(--ast-global-color-4)","background-image":"","background-repeat":"repeat","background-position":"center center","background-size":"auto","background-attachment":"scroll","background-type":"","background-media":"","overlay-type":"","overlay-color":"","overlay-opacity":"","overlay-gradient":""},"mobile":{"background-color":"var(--ast-global-color-4)","background-image":"","background-repeat":"repeat","background-position":"center center","background-size":"auto","background-attachment":"scroll","background-type":"","background-media":"","overlay-type":"","overlay-color":"","overlay-opacity":"","overlay-gradient":""}},"footnotes":""},"class_list":["post-122","page","type-page","status-publish","hentry"],"_links":{"self":[{"href":"https:\/\/neoteca.letras.ufmg.br\/index.php\/wp-json\/wp\/v2\/pages\/122","targetHints":{"allow":["GET"]}}],"collection":[{"href":"https:\/\/neoteca.letras.ufmg.br\/index.php\/wp-json\/wp\/v2\/pages"}],"about":[{"href":"https:\/\/neoteca.letras.ufmg.br\/index.php\/wp-json\/wp\/v2\/types\/page"}],"author":[{"embeddable":true,"href":"https:\/\/neoteca.letras.ufmg.br\/index.php\/wp-json\/wp\/v2\/users\/2"}],"replies":[{"embeddable":true,"href":"https:\/\/neoteca.letras.ufmg.br\/index.php\/wp-json\/wp\/v2\/comments?post=122"}],"version-history":[{"count":4,"href":"https:\/\/neoteca.letras.ufmg.br\/index.php\/wp-json\/wp\/v2\/pages\/122\/revisions"}],"predecessor-version":[{"id":406,"href":"https:\/\/neoteca.letras.ufmg.br\/index.php\/wp-json\/wp\/v2\/pages\/122\/revisions\/406"}],"up":[{"embeddable":true,"href":"https:\/\/neoteca.letras.ufmg.br\/index.php\/wp-json\/wp\/v2\/pages\/52"}],"wp:attachment":[{"href":"https:\/\/neoteca.letras.ufmg.br\/index.php\/wp-json\/wp\/v2\/media?parent=122"}],"curies":[{"name":"wp","href":"https:\/\/api.w.org\/{rel}","templated":true}]}}